{"id":7909,"date":"2022-11-29T10:46:17","date_gmt":"2022-11-29T10:46:17","guid":{"rendered":"https:\/\/mabuko.co.mz\/?post_type=product&#038;p=7909"},"modified":"2023-01-12T14:04:39","modified_gmt":"2023-01-12T14:04:39","slug":"os-filhos-de-anansi","status":"publish","type":"product","link":"https:\/\/mabuko.co.mz\/site\/?product=os-filhos-de-anansi","title":{"rendered":"OS FILHOS DE ANANSI"},"content":{"rendered":"<p>Neil Gaiman<\/p>\n<p>9789722335928<\/p>\n","protected":false},"excerpt":{"rendered":"<p><strong>SINOPSE<\/strong><\/p>\n<p>Muito conhecido pela sua faceta de argumentista de banda desenhada, Neil Gaiman \u00e9 um nome c\u00e9lebre da literatura que conta j\u00e1 com um legado invej\u00e1vel de t\u00edtulos e uma carreira c\u00e9lebre em muitos pa\u00edses. Quase todos os seus livros foram alvo de adapta\u00e7\u00f5es cinematogr\u00e1ficas e o n\u00famero de pr\u00e9mios que j\u00e1 lhe atribu\u00edram apenas veio confirmar a sua mestria enquanto contador de hist\u00f3rias. A versatilidade que lhe \u00e9 reconhecida permite-lhe conjugar nesta obra uma variedade de g\u00e9neros que v\u00e3o desde o \u00e9pico m\u00e1gico, ao fant\u00e1stico, \u00e0 com\u00e9dia rom\u00e2ntica, ao\u00a0<i>thriller<\/i>\u00a0e ao drama.<br \/>\nEm\u00a0<i>Os Filhos de Anansi<\/i>\u00a0conta a hist\u00f3ria de dois irm\u00e3os radicalmente diferentes que se conhecem por ocasi\u00e3o da morte do pai: Charlie, inseguro e banal; e Spider, herdeiro dos poderes m\u00e1gicos paternos. O confronto entre os dois vai mudar para sempre os seus destinos e o facto do pai n\u00e3o ser humano, mas antes Anansi, um deus africano ca\u00f3tico e endiabrado, vai revestir a narrativa de um car\u00e1cter fant\u00e1stico como s\u00f3 Gaiman sabe conceber, fruto da sua prodigiosa imagina\u00e7\u00e3o.<\/p>\n","protected":false},"featured_media":7910,"template":"","meta":{"_monsterinsights_skip_tracking":false,"_monsterinsights_sitenote_active":false,"_monsterinsights_sitenote_note":"","_monsterinsights_sitenote_category":0},"product_cat":[103],"product_tag":[],"class_list":{"0":"post-7909","1":"product","2":"type-product","3":"status-publish","4":"has-post-thumbnail","6":"product_cat-literatura","7":"pa_book-author-neil-gaiman","9":"first","10":"outofstock","11":"shipping-taxable","12":"purchasable","13":"product-type-simple"},"_links":{"self":[{"href":"https:\/\/mabuko.co.mz\/site\/index.php?rest_route=\/wp\/v2\/product\/7909","targetHints":{"allow":["GET"]}}],"collection":[{"href":"https:\/\/mabuko.co.mz\/site\/index.php?rest_route=\/wp\/v2\/product"}],"about":[{"href":"https:\/\/mabuko.co.mz\/site\/index.php?rest_route=\/wp\/v2\/types\/product"}],"wp:featuredmedia":[{"embeddable":true,"href":"https:\/\/mabuko.co.mz\/site\/index.php?rest_route=\/wp\/v2\/media\/7910"}],"wp:attachment":[{"href":"https:\/\/mabuko.co.mz\/site\/index.php?rest_route=%2Fwp%2Fv2%2Fmedia&parent=7909"}],"wp:term":[{"taxonomy":"product_cat","embeddable":true,"href":"https:\/\/mabuko.co.mz\/site\/index.php?rest_route=%2Fwp%2Fv2%2Fproduct_cat&post=7909"},{"taxonomy":"product_tag","embeddable":true,"href":"https:\/\/mabuko.co.mz\/site\/index.php?rest_route=%2Fwp%2Fv2%2Fproduct_tag&post=7909"}],"curies":[{"name":"wp","href":"https:\/\/api.w.org\/{rel}","templated":true}]}}