{"id":7907,"date":"2022-11-29T10:38:15","date_gmt":"2022-11-29T10:38:15","guid":{"rendered":"https:\/\/mabuko.co.mz\/?post_type=product&#038;p=7907"},"modified":"2023-01-12T14:17:36","modified_gmt":"2023-01-12T14:17:36","slug":"os-numeros-que-venceram-os-nomes","status":"publish","type":"product","link":"https:\/\/mabuko.co.mz\/site\/?product=os-numeros-que-venceram-os-nomes","title":{"rendered":"OS N\u00daMEROS QUE VENCERAM OS NOMES"},"content":{"rendered":"<p>Samuel Pimenta<\/p>\n<p>9789897541766<\/p>\n","protected":false},"excerpt":{"rendered":"<p><strong>SINOPSE<\/strong><\/p>\n<p>O que \u00e9 um nome? \u2014 A pergunta ressoou por toda a divis\u00e3o, embateu nas paredes e voltou ao emissor sem obter resposta. Um Nove Um Seis estava sentado na \u00fanica cama do quarto n\u00famero onze do hosp\u00edcio. Via as paredes do quarto a girar como se tivessem sido empurradas por uma crian\u00e7a que brinca com um globo terrestre pela primeira vez. Al\u00e9m disso, sentia-se como se estivesse de olhos abertos debaixo de \u00e1gua, estava tudo turvo. Era efeito dos fortes medicamentos. Sentado numa cadeira ao lado da cama, um m\u00e9dico observava-o de testa plissada, enquanto segurava uma folha no colo, onde fazia algumas anota\u00e7\u00f5es.<\/p>\n","protected":false},"featured_media":7908,"template":"","meta":{"_monsterinsights_skip_tracking":false,"_monsterinsights_sitenote_active":false,"_monsterinsights_sitenote_note":"","_monsterinsights_sitenote_category":0},"product_cat":[105],"product_tag":[],"class_list":{"0":"post-7907","1":"product","2":"type-product","3":"status-publish","4":"has-post-thumbnail","6":"product_cat-romance","7":"pa_book-author-samuel-pimenta","9":"first","10":"outofstock","11":"shipping-taxable","12":"purchasable","13":"product-type-simple"},"_links":{"self":[{"href":"https:\/\/mabuko.co.mz\/site\/index.php?rest_route=\/wp\/v2\/product\/7907","targetHints":{"allow":["GET"]}}],"collection":[{"href":"https:\/\/mabuko.co.mz\/site\/index.php?rest_route=\/wp\/v2\/product"}],"about":[{"href":"https:\/\/mabuko.co.mz\/site\/index.php?rest_route=\/wp\/v2\/types\/product"}],"wp:featuredmedia":[{"embeddable":true,"href":"https:\/\/mabuko.co.mz\/site\/index.php?rest_route=\/wp\/v2\/media\/7908"}],"wp:attachment":[{"href":"https:\/\/mabuko.co.mz\/site\/index.php?rest_route=%2Fwp%2Fv2%2Fmedia&parent=7907"}],"wp:term":[{"taxonomy":"product_cat","embeddable":true,"href":"https:\/\/mabuko.co.mz\/site\/index.php?rest_route=%2Fwp%2Fv2%2Fproduct_cat&post=7907"},{"taxonomy":"product_tag","embeddable":true,"href":"https:\/\/mabuko.co.mz\/site\/index.php?rest_route=%2Fwp%2Fv2%2Fproduct_tag&post=7907"}],"curies":[{"name":"wp","href":"https:\/\/api.w.org\/{rel}","templated":true}]}}