{"id":7903,"date":"2022-11-29T09:55:50","date_gmt":"2022-11-29T09:55:50","guid":{"rendered":"https:\/\/mabuko.co.mz\/?post_type=product&#038;p=7903"},"modified":"2023-01-12T14:21:17","modified_gmt":"2023-01-12T14:21:17","slug":"o-francoatirador-paciente","status":"publish","type":"product","link":"https:\/\/mabuko.co.mz\/site\/?product=o-francoatirador-paciente","title":{"rendered":"O FRANCOATIRADOR PACIENTE"},"content":{"rendered":"<p>Arturo P\u00e9rez-Reverte<\/p>\n<p>9789892327808<\/p>\n","protected":false},"excerpt":{"rendered":"<p><strong>SINOPSE<\/strong><\/p>\n<p>Sniper \u00e9 uma lenda viva no mundo da arte de rua. Subversivo e omnipresente na tela urbana, ningu\u00e9m conhece a sua identidade, poucos ter\u00e3o visto o seu rosto, n\u00e3o h\u00e1 relatos do seu paradeiro. Quem \u00e9 o verdadeiro Sniper por detr\u00e1s deste enigma que o mistifica? \u00c9 um heroico cruzamento de Salman Rushdie e Banksy, um justiceiro solit\u00e1rio? Ou um terrorista urbano, um egoman\u00edaco cujas ac\u00e7\u00f5es j\u00e1 se revelaram fatais?<br \/>\nAlejandra Varela, especialista em arte, decide seguir os passos deste homem sem lei. Uma mira telesc\u00f3pica de francoatirador assina todos os trabalhos de Sniper, e \u00e9 essa mira que leva Alejandra a infiltrar-se no submundo de Madrid e Lisboa, Verona e N\u00e1poles. Cidades que s\u00e3o os campos de batalha prediletos deste ca\u00e7ador solit\u00e1rio. Mas, a coberto das sombras, uma outra pessoa aguarda para descobrir o paradeiro de Sniper, embora as suas motiva\u00e7\u00f5es sejam bem diferentes\u2026<br \/>\nSegue-se um formid\u00e1vel duelo de intelig\u00eancias, um jogo de persegui\u00e7\u00e3o entre ca\u00e7ador e presa cujo final \u00e9, no m\u00ednimo, surpreendente.<br \/>\nThriller centrado no obscuro e inexplorado submundo da arte urbana, nas suas leis e c\u00f3digos \u00e9ticos pr\u00f3prios, na fr\u00e1gil distin\u00e7\u00e3o entre arte e vandalismo,\u00a0<i>O Francoatirador Paciente<\/i>\u00a0\u00e9 um convite \u00e0 reflex\u00e3o sobre a identidade urbana, a arte e o artista moderno.<\/p>\n","protected":false},"featured_media":7904,"template":"","meta":{"_monsterinsights_skip_tracking":false,"_monsterinsights_sitenote_active":false,"_monsterinsights_sitenote_note":"","_monsterinsights_sitenote_category":0},"product_cat":[103],"product_tag":[],"class_list":{"0":"post-7903","1":"product","2":"type-product","3":"status-publish","4":"has-post-thumbnail","6":"product_cat-literatura","7":"pa_book-author-arturo-perez-reverte","9":"first","10":"outofstock","11":"shipping-taxable","12":"purchasable","13":"product-type-simple"},"_links":{"self":[{"href":"https:\/\/mabuko.co.mz\/site\/index.php?rest_route=\/wp\/v2\/product\/7903","targetHints":{"allow":["GET"]}}],"collection":[{"href":"https:\/\/mabuko.co.mz\/site\/index.php?rest_route=\/wp\/v2\/product"}],"about":[{"href":"https:\/\/mabuko.co.mz\/site\/index.php?rest_route=\/wp\/v2\/types\/product"}],"wp:featuredmedia":[{"embeddable":true,"href":"https:\/\/mabuko.co.mz\/site\/index.php?rest_route=\/wp\/v2\/media\/7904"}],"wp:attachment":[{"href":"https:\/\/mabuko.co.mz\/site\/index.php?rest_route=%2Fwp%2Fv2%2Fmedia&parent=7903"}],"wp:term":[{"taxonomy":"product_cat","embeddable":true,"href":"https:\/\/mabuko.co.mz\/site\/index.php?rest_route=%2Fwp%2Fv2%2Fproduct_cat&post=7903"},{"taxonomy":"product_tag","embeddable":true,"href":"https:\/\/mabuko.co.mz\/site\/index.php?rest_route=%2Fwp%2Fv2%2Fproduct_tag&post=7903"}],"curies":[{"name":"wp","href":"https:\/\/api.w.org\/{rel}","templated":true}]}}