{"id":7897,"date":"2022-11-29T09:17:46","date_gmt":"2022-11-29T09:17:46","guid":{"rendered":"https:\/\/mabuko.co.mz\/?post_type=product&#038;p=7897"},"modified":"2023-01-12T14:23:06","modified_gmt":"2023-01-12T14:23:06","slug":"a-diaspora-mocambicana","status":"publish","type":"product","link":"https:\/\/mabuko.co.mz\/site\/?product=a-diaspora-mocambicana","title":{"rendered":"A DI\u00c1SPORA MO\u00c7AMBICANA"},"content":{"rendered":"<p>Armando Moreno<\/p>\n<p>9789899946989<\/p>\n","protected":false},"excerpt":{"rendered":"<p><strong>SINOPSE<\/strong><\/p>\n<p>Di\u00e1spora Mo\u00e7ambicana \u00e9 um vigoroso libelo contra a Hist\u00f3ria.<\/p>\n<p>Relato \u00fanico e exemplar da vida naquele territ\u00f3rio entre 1962 e 1945, ainda n\u00e3o foi ultrapassado em rigor descritivo, no pormenor das ocorr\u00eancias, afirmando-se, assim, como o mais rigoroso documento sobre aquele periodo conturbado e dos confrontos socias que, inevitavelmente, qualquer coloniza\u00e7\u00e3o origina. Para quem viveu no local este per\u00edodo, conte\u00e9m uma m\u00e3o cheia de recorda\u00e7\u00f5es.<\/p>\n<p>Para quem l\u00ea este livro para encontrar o prazer da boa leitura ou do conhecimento da verdade hist\u00f3rica e social, constitui o complemento indispens\u00e1vel \u00e0 sua forma\u00e7\u00e3o sobre um passado que continua a constituir quase um mist\u00e9rio a que a bruma do tempo que vai emprestando a patine da m\u00edstica.<\/p>\n","protected":false},"featured_media":7898,"template":"","meta":{"_monsterinsights_skip_tracking":false,"_monsterinsights_sitenote_active":false,"_monsterinsights_sitenote_note":"","_monsterinsights_sitenote_category":0},"product_cat":[102],"product_tag":[],"class_list":{"0":"post-7897","1":"product","2":"type-product","3":"status-publish","4":"has-post-thumbnail","6":"product_cat-livros-tecnicos","7":"pa_book-author-armando-moreno","9":"first","10":"outofstock","11":"shipping-taxable","12":"purchasable","13":"product-type-simple"},"_links":{"self":[{"href":"https:\/\/mabuko.co.mz\/site\/index.php?rest_route=\/wp\/v2\/product\/7897","targetHints":{"allow":["GET"]}}],"collection":[{"href":"https:\/\/mabuko.co.mz\/site\/index.php?rest_route=\/wp\/v2\/product"}],"about":[{"href":"https:\/\/mabuko.co.mz\/site\/index.php?rest_route=\/wp\/v2\/types\/product"}],"wp:featuredmedia":[{"embeddable":true,"href":"https:\/\/mabuko.co.mz\/site\/index.php?rest_route=\/wp\/v2\/media\/7898"}],"wp:attachment":[{"href":"https:\/\/mabuko.co.mz\/site\/index.php?rest_route=%2Fwp%2Fv2%2Fmedia&parent=7897"}],"wp:term":[{"taxonomy":"product_cat","embeddable":true,"href":"https:\/\/mabuko.co.mz\/site\/index.php?rest_route=%2Fwp%2Fv2%2Fproduct_cat&post=7897"},{"taxonomy":"product_tag","embeddable":true,"href":"https:\/\/mabuko.co.mz\/site\/index.php?rest_route=%2Fwp%2Fv2%2Fproduct_tag&post=7897"}],"curies":[{"name":"wp","href":"https:\/\/api.w.org\/{rel}","templated":true}]}}