{"id":7895,"date":"2022-11-29T08:59:49","date_gmt":"2022-11-29T08:59:49","guid":{"rendered":"https:\/\/mabuko.co.mz\/?post_type=product&#038;p=7895"},"modified":"2023-01-12T14:23:48","modified_gmt":"2023-01-12T14:23:48","slug":"africa-em-transformacao","status":"publish","type":"product","link":"https:\/\/mabuko.co.mz\/site\/?product=africa-em-transformacao","title":{"rendered":"\u00c1FRICA EM TRANSFORMA\u00c7\u00c3O"},"content":{"rendered":"<p>Carlos Lopes<\/p>\n<p>9789896715410<\/p>\n","protected":false},"excerpt":{"rendered":"<p><strong>SINOPSE<\/strong><\/p>\n<p>Na \u00faltima d\u00e9cada e meia, as economias africanas registaram um crescimento na ordem dos cinco por cento. Contudo, essa tend\u00eancia tem-se revelado insuficiente. N\u00e3o obstante a riqueza dos recursos naturais e humanos, a pobreza e a desigualdade persistem no continente, assim como perduram vis\u00f5es demasiado simplistas sobre o \u00abDespertar Africano\u00bb.<\/p>\n<p>Em busca de solu\u00e7\u00f5es e com o foco na industrializa\u00e7\u00e3o, o economista guineense Carlos Lopes estabelece neste livro os oito ingredientes para uma verdadeira, e necess\u00e1ria, transforma\u00e7\u00e3o estrutural, e para uma profunda reflex\u00e3o sobre o significado do desenvolvimento econ\u00f3mico na era das d\u00favidas democr\u00e1ticas, das crises de identidade e das amea\u00e7as \u00e0 sustentabilidade.<\/p>\n","protected":false},"featured_media":7896,"template":"","meta":{"_monsterinsights_skip_tracking":false,"_monsterinsights_sitenote_active":false,"_monsterinsights_sitenote_note":"","_monsterinsights_sitenote_category":0},"product_cat":[102],"product_tag":[],"class_list":{"0":"post-7895","1":"product","2":"type-product","3":"status-publish","4":"has-post-thumbnail","6":"product_cat-livros-tecnicos","7":"pa_book-author-carlos-lopes","9":"first","10":"outofstock","11":"shipping-taxable","12":"purchasable","13":"product-type-simple"},"_links":{"self":[{"href":"https:\/\/mabuko.co.mz\/site\/index.php?rest_route=\/wp\/v2\/product\/7895","targetHints":{"allow":["GET"]}}],"collection":[{"href":"https:\/\/mabuko.co.mz\/site\/index.php?rest_route=\/wp\/v2\/product"}],"about":[{"href":"https:\/\/mabuko.co.mz\/site\/index.php?rest_route=\/wp\/v2\/types\/product"}],"wp:featuredmedia":[{"embeddable":true,"href":"https:\/\/mabuko.co.mz\/site\/index.php?rest_route=\/wp\/v2\/media\/7896"}],"wp:attachment":[{"href":"https:\/\/mabuko.co.mz\/site\/index.php?rest_route=%2Fwp%2Fv2%2Fmedia&parent=7895"}],"wp:term":[{"taxonomy":"product_cat","embeddable":true,"href":"https:\/\/mabuko.co.mz\/site\/index.php?rest_route=%2Fwp%2Fv2%2Fproduct_cat&post=7895"},{"taxonomy":"product_tag","embeddable":true,"href":"https:\/\/mabuko.co.mz\/site\/index.php?rest_route=%2Fwp%2Fv2%2Fproduct_tag&post=7895"}],"curies":[{"name":"wp","href":"https:\/\/api.w.org\/{rel}","templated":true}]}}