{"id":7891,"date":"2022-11-29T08:34:23","date_gmt":"2022-11-29T08:34:23","guid":{"rendered":"https:\/\/mabuko.co.mz\/?post_type=product&#038;p=7891"},"modified":"2023-01-12T14:25:08","modified_gmt":"2023-01-12T14:25:08","slug":"pense-como-um-filosofo-uma-breve-historia-da-filosofia-grega","status":"publish","type":"product","link":"https:\/\/mabuko.co.mz\/site\/?product=pense-como-um-filosofo-uma-breve-historia-da-filosofia-grega","title":{"rendered":"PENSE COMO UM FIL\u00d3SOFO Uma breve hist\u00f3ria da filosofia grega"},"content":{"rendered":"<p>John Marshall<\/p>\n<p>9789899054745<\/p>\n","protected":false},"excerpt":{"rendered":"<p><b>SINOPSE<\/b><\/p>\n<p>Pense como um fil\u00f3sofo d\u00e1-nos uma vis\u00e3o geral das obras e das ideias que constituem a base da filosofia ocidental. Os escritos de S\u00f3crates, Plat\u00e3o, Arist\u00f3teles, Tales e Her\u00e1clito ressoaram ao longo de mil\u00e9nios e continuam a influenciar a nossa vida nos dias de hoje.<br \/>\nO renomado classicista brit\u00e2nico John Marshall oferece-nos um relato completo e envolvente dos movimentos filos\u00f3ficos da Gr\u00e9cia Antiga, dos sofistas, dos c\u00e9ticos, dos estoicos, entre outros. Para os leitores que procuram mergulhar no vasto oceano da filosofia ocidental, a hist\u00f3ria de Marshall \u00e9 o trampolim perfeito.<br \/>\nNeste livro encontra uma apresenta\u00e7\u00e3o dos princ\u00edpios dos maiores pensadores da Antiguidade, a qual, dentro dos limites da brevidade, \u00e9 simultaneamente aut\u00eantica e interessante: aut\u00eantica, porque se baseia nas obras originais; interessante, porque apresenta ao leitor, numa linguagem desprovida de tecnicismos, as grandes ideias sobre as quest\u00f5es mais importantes da vida.<\/p>\n<p>A filosofia grega teve o seu papel na regenera\u00e7\u00e3o moral do mundo; bem como, em \u00e9pocas posteriores, em todos os renascimentos e emancipa\u00e7\u00f5es do seu pensamento. No vasto territ\u00f3rio da civiliza\u00e7\u00e3o grega e romana, a actividade dos fil\u00f3sofos e das escolas filos\u00f3ficas foi eficaz na familiariza\u00e7\u00e3o da humanidade com a reflex\u00e3o e o questionamento.<br \/>\nOs problemas filos\u00f3ficos da Antiguidade n\u00e3o eram meras guerras de palavras, tendo os homens de h\u00e1 vinte e quatro s\u00e9culos lidado com dificuldades similares, no que respeita \u00e0s bases de cren\u00e7a e de a\u00e7c\u00e3o correta, \u00e0s que, sob formas diferentes, assolam a humanidade na actualidade.<\/p>\n","protected":false},"featured_media":7892,"template":"","meta":{"_monsterinsights_skip_tracking":false,"_monsterinsights_sitenote_active":false,"_monsterinsights_sitenote_note":"","_monsterinsights_sitenote_category":0},"product_cat":[108],"product_tag":[],"class_list":{"0":"post-7891","1":"product","2":"type-product","3":"status-publish","4":"has-post-thumbnail","6":"product_cat-auto-ajuda","7":"pa_book-author-john-marshall","9":"first","10":"outofstock","11":"shipping-taxable","12":"purchasable","13":"product-type-simple"},"_links":{"self":[{"href":"https:\/\/mabuko.co.mz\/site\/index.php?rest_route=\/wp\/v2\/product\/7891","targetHints":{"allow":["GET"]}}],"collection":[{"href":"https:\/\/mabuko.co.mz\/site\/index.php?rest_route=\/wp\/v2\/product"}],"about":[{"href":"https:\/\/mabuko.co.mz\/site\/index.php?rest_route=\/wp\/v2\/types\/product"}],"wp:featuredmedia":[{"embeddable":true,"href":"https:\/\/mabuko.co.mz\/site\/index.php?rest_route=\/wp\/v2\/media\/7892"}],"wp:attachment":[{"href":"https:\/\/mabuko.co.mz\/site\/index.php?rest_route=%2Fwp%2Fv2%2Fmedia&parent=7891"}],"wp:term":[{"taxonomy":"product_cat","embeddable":true,"href":"https:\/\/mabuko.co.mz\/site\/index.php?rest_route=%2Fwp%2Fv2%2Fproduct_cat&post=7891"},{"taxonomy":"product_tag","embeddable":true,"href":"https:\/\/mabuko.co.mz\/site\/index.php?rest_route=%2Fwp%2Fv2%2Fproduct_tag&post=7891"}],"curies":[{"name":"wp","href":"https:\/\/api.w.org\/{rel}","templated":true}]}}