{"id":7885,"date":"2022-11-29T07:33:01","date_gmt":"2022-11-29T07:33:01","guid":{"rendered":"https:\/\/mabuko.co.mz\/?post_type=product&#038;p=7885"},"modified":"2023-01-12T14:26:23","modified_gmt":"2023-01-12T14:26:23","slug":"a-submissa","status":"publish","type":"product","link":"https:\/\/mabuko.co.mz\/site\/?product=a-submissa","title":{"rendered":"A SUBMISSA"},"content":{"rendered":"<p>Fi\u00f3dor Dostoi\u00e9vski<\/p>\n<p>9789897831867<\/p>\n","protected":false},"excerpt":{"rendered":"<p><strong>SINOPSE<\/strong><\/p>\n<p>Esta narrativa, publicada pela primeira vez em 1876, fala-nos das recorda\u00e7\u00f5es de um prestamista cuja mulher se suicidou. O corpo da mulher est\u00e1 estendido sobre a mesa enquanto o mon\u00f3logo decorre. O narrador tenta compreender o que se passou. Pouco a pouco, v\u00e3o-se delineando as causas do que aconteceu. A submissa morreu porque o marido matou o seu amor. Ela era demasiado casta e pura para poder ser a esposa que o homem desejava. Na verdade, este tinha a psicologia de um ressentido contra a sociedade, o que levou a transformar o seu amor em tirania.<\/p>\n","protected":false},"featured_media":7886,"template":"","meta":{"_monsterinsights_skip_tracking":false,"_monsterinsights_sitenote_active":false,"_monsterinsights_sitenote_note":"","_monsterinsights_sitenote_category":0},"product_cat":[103],"product_tag":[],"class_list":{"0":"post-7885","1":"product","2":"type-product","3":"status-publish","4":"has-post-thumbnail","6":"product_cat-literatura","7":"pa_book-author-fiodor-dostoievski","9":"first","10":"outofstock","11":"shipping-taxable","12":"purchasable","13":"product-type-simple"},"_links":{"self":[{"href":"https:\/\/mabuko.co.mz\/site\/index.php?rest_route=\/wp\/v2\/product\/7885","targetHints":{"allow":["GET"]}}],"collection":[{"href":"https:\/\/mabuko.co.mz\/site\/index.php?rest_route=\/wp\/v2\/product"}],"about":[{"href":"https:\/\/mabuko.co.mz\/site\/index.php?rest_route=\/wp\/v2\/types\/product"}],"wp:featuredmedia":[{"embeddable":true,"href":"https:\/\/mabuko.co.mz\/site\/index.php?rest_route=\/wp\/v2\/media\/7886"}],"wp:attachment":[{"href":"https:\/\/mabuko.co.mz\/site\/index.php?rest_route=%2Fwp%2Fv2%2Fmedia&parent=7885"}],"wp:term":[{"taxonomy":"product_cat","embeddable":true,"href":"https:\/\/mabuko.co.mz\/site\/index.php?rest_route=%2Fwp%2Fv2%2Fproduct_cat&post=7885"},{"taxonomy":"product_tag","embeddable":true,"href":"https:\/\/mabuko.co.mz\/site\/index.php?rest_route=%2Fwp%2Fv2%2Fproduct_tag&post=7885"}],"curies":[{"name":"wp","href":"https:\/\/api.w.org\/{rel}","templated":true}]}}