{"id":7883,"date":"2022-11-29T07:21:45","date_gmt":"2022-11-29T07:21:45","guid":{"rendered":"https:\/\/mabuko.co.mz\/?post_type=product&#038;p=7883"},"modified":"2023-01-12T14:27:13","modified_gmt":"2023-01-12T14:27:13","slug":"as-upstarts","status":"publish","type":"product","link":"https:\/\/mabuko.co.mz\/site\/?product=as-upstarts","title":{"rendered":"AS UPSTARTS"},"content":{"rendered":"<p>Brad Stone<\/p>\n<p>9789896942519<\/p>\n","protected":false},"excerpt":{"rendered":"<p><b>SINOPSE<\/b><\/p>\n<p>H\u00e1 dez anos, era impens\u00e1vel entrar no carro de um estranho ou dormir na casa de algu\u00e9m que n\u00e3o conhec\u00eassemos, mas actualmente isto \u00e9 t\u00e3o b\u00e1sico como encomendar um livro online. A Uber e o Airbnb vingaram nesta nova era: redefiniram bairros, desafiaram as formas como os governos controlam os neg\u00f3cios e alteraram a nossa forma de viajar. Inflamada pelo esp\u00edrito dos conhecidos renegados de Silicon Valley, como Steve Jobs e Bill Gates, uma nova gera\u00e7\u00e3o de empres\u00e1rios est\u00e1 a usar a tecnologia para revolucionar as conven\u00e7\u00f5es e diversos sectores.<\/p>\n<p>S\u00e3o os upstarts, aventureiros fundadores de empresas com um entusiasmo sem limites e muita autoconfian\u00e7a. Liderados por vision\u00e1rios como Travis Kalanick, da Uber, e Brian Chesky, do Airbnb, est\u00e3o a redesenhar as regras dos neg\u00f3cios e chegam mesmo a ultrapassar obst\u00e1culos \u00e9ticos e legais. The Upstarts mostra-nos a hist\u00f3ria de dois tit\u00e3s que est\u00e3o a vingar nesta nova era de tenacidade, conflito e riqueza. Brad Stone partilha connosco as hist\u00f3rias das empresas mais radicais de Silicon Valley, para percebemos como conseguiram mudar o mundo.<\/p>\n<p>&nbsp;<\/p>\n","protected":false},"featured_media":7884,"template":"","meta":{"_monsterinsights_skip_tracking":false,"_monsterinsights_sitenote_active":false,"_monsterinsights_sitenote_note":"","_monsterinsights_sitenote_category":0},"product_cat":[102],"product_tag":[],"class_list":{"0":"post-7883","1":"product","2":"type-product","3":"status-publish","4":"has-post-thumbnail","6":"product_cat-livros-tecnicos","7":"pa_book-author-brad-stone","9":"first","10":"outofstock","11":"shipping-taxable","12":"purchasable","13":"product-type-simple"},"_links":{"self":[{"href":"https:\/\/mabuko.co.mz\/site\/index.php?rest_route=\/wp\/v2\/product\/7883","targetHints":{"allow":["GET"]}}],"collection":[{"href":"https:\/\/mabuko.co.mz\/site\/index.php?rest_route=\/wp\/v2\/product"}],"about":[{"href":"https:\/\/mabuko.co.mz\/site\/index.php?rest_route=\/wp\/v2\/types\/product"}],"wp:featuredmedia":[{"embeddable":true,"href":"https:\/\/mabuko.co.mz\/site\/index.php?rest_route=\/wp\/v2\/media\/7884"}],"wp:attachment":[{"href":"https:\/\/mabuko.co.mz\/site\/index.php?rest_route=%2Fwp%2Fv2%2Fmedia&parent=7883"}],"wp:term":[{"taxonomy":"product_cat","embeddable":true,"href":"https:\/\/mabuko.co.mz\/site\/index.php?rest_route=%2Fwp%2Fv2%2Fproduct_cat&post=7883"},{"taxonomy":"product_tag","embeddable":true,"href":"https:\/\/mabuko.co.mz\/site\/index.php?rest_route=%2Fwp%2Fv2%2Fproduct_tag&post=7883"}],"curies":[{"name":"wp","href":"https:\/\/api.w.org\/{rel}","templated":true}]}}