{"id":7881,"date":"2022-11-29T07:12:51","date_gmt":"2022-11-29T07:12:51","guid":{"rendered":"https:\/\/mabuko.co.mz\/?post_type=product&#038;p=7881"},"modified":"2023-01-12T14:27:49","modified_gmt":"2023-01-12T14:27:49","slug":"falsa-testemunha","status":"publish","type":"product","link":"https:\/\/mabuko.co.mz\/site\/?product=falsa-testemunha","title":{"rendered":"FALSA TESTEMUNHA"},"content":{"rendered":"<p><span data-width=\"\">Karin Slaughter<\/span><\/p>\n<p>9788491397823<\/p>\n","protected":false},"excerpt":{"rendered":"<p><strong>SINOPSE<\/strong><\/p>\n<p><b>Uma vida comum&#8230;<\/b><br \/>\nLeigh Collier trabalhou arduamente para construir uma vida aparentemente normal. \u00c9 advogada de defesa num prestigiado escrit\u00f3rio de advogados em Atlanta, faria tudo pela sua filha Maddy de dezasseis anos, e est\u00e1 a conseguir, com sucesso, partilhar a sua educa\u00e7\u00e3o, apesar da pandemia, depois de uma amistosa separa\u00e7\u00e3o do seu marido Walter.<\/p>\n<p><b>Oculta um passado devastador&#8230;<\/b><br \/>\nContudo, a vida quotidiana de Leigh esconde uma inf\u00e2ncia que ningu\u00e9m devia ter de suportar&#8230; uma inf\u00e2ncia toldada por segredos, devastada pela trai\u00e7\u00e3o e, finalmente, destru\u00edda por um ato brutal de viol\u00eancia.<\/p>\n<p><b>Por\u00e9m, agora, o passado regressou&#8230;<\/b><br \/>\nNum domingo \u00e0 noite, enquanto assiste a uma pe\u00e7a de teatro na escola da sua filha, recebe uma chamada de um dos s\u00f3cios da empresa que quer que Leigh defenda um homem rico acusado de m\u00faltiplos casos de viola\u00e7\u00e3o. Embora desconfie do caso, \u00e9 evidente que n\u00e3o tem muitas op\u00e7\u00f5es se quiser manter o seu emprego. Quando se encontra cara a cara com o acusado&#8230;<\/p>\n","protected":false},"featured_media":7882,"template":"","meta":{"_monsterinsights_skip_tracking":false,"_monsterinsights_sitenote_active":false,"_monsterinsights_sitenote_note":"","_monsterinsights_sitenote_category":0},"product_cat":[103],"product_tag":[],"class_list":{"0":"post-7881","1":"product","2":"type-product","3":"status-publish","4":"has-post-thumbnail","6":"product_cat-literatura","7":"pa_book-author-karin-slaughter","9":"first","10":"outofstock","11":"shipping-taxable","12":"purchasable","13":"product-type-simple"},"_links":{"self":[{"href":"https:\/\/mabuko.co.mz\/site\/index.php?rest_route=\/wp\/v2\/product\/7881","targetHints":{"allow":["GET"]}}],"collection":[{"href":"https:\/\/mabuko.co.mz\/site\/index.php?rest_route=\/wp\/v2\/product"}],"about":[{"href":"https:\/\/mabuko.co.mz\/site\/index.php?rest_route=\/wp\/v2\/types\/product"}],"wp:featuredmedia":[{"embeddable":true,"href":"https:\/\/mabuko.co.mz\/site\/index.php?rest_route=\/wp\/v2\/media\/7882"}],"wp:attachment":[{"href":"https:\/\/mabuko.co.mz\/site\/index.php?rest_route=%2Fwp%2Fv2%2Fmedia&parent=7881"}],"wp:term":[{"taxonomy":"product_cat","embeddable":true,"href":"https:\/\/mabuko.co.mz\/site\/index.php?rest_route=%2Fwp%2Fv2%2Fproduct_cat&post=7881"},{"taxonomy":"product_tag","embeddable":true,"href":"https:\/\/mabuko.co.mz\/site\/index.php?rest_route=%2Fwp%2Fv2%2Fproduct_tag&post=7881"}],"curies":[{"name":"wp","href":"https:\/\/api.w.org\/{rel}","templated":true}]}}