{"id":7878,"date":"2022-11-29T07:03:05","date_gmt":"2022-11-29T07:03:05","guid":{"rendered":"https:\/\/mabuko.co.mz\/?post_type=product&#038;p=7878"},"modified":"2023-01-12T14:28:23","modified_gmt":"2023-01-12T14:28:23","slug":"o-highlander-indomavel","status":"publish","type":"product","link":"https:\/\/mabuko.co.mz\/site\/?product=o-highlander-indomavel","title":{"rendered":"O HIGHLANDER INDOM\u00c1VEL"},"content":{"rendered":"<p>Monica McCarty<\/p>\n<p>9789896573133<\/p>\n","protected":false},"excerpt":{"rendered":"<p><strong>SINOPSE<\/strong><\/p>\n<p>Rory MacLeod, um poderoso chefe Highlander s\u00f3 tem um pensamento na vida, o seu cl\u00e3, jura vingar-se dos MacDonald, apesar de o dever lhe impor o noivado com Isabel MacDonald, que tenciona repudiar. Por\u00e9m, o guerreiro n\u00e3o estava \u00e0 espera de uma mulher atraente, uma mulher que lhe p\u00f5e \u00e0 prova a for\u00e7a de vontade f\u00e9rrea e lhe desperta uma paix\u00e3o selvagem. Aben\u00e7oada com uma beleza incompar\u00e1vel, Isabel MacDonald tenciona, por todos os meios, incluindo a sedu\u00e7\u00e3o, descobrir o segredo mais bem guardado do marido, ao mesmo tempo que Rory lhe desperta os desejos mais profundos e as fantasias mais doces. Isabel encontrou a felicidade com que sempre sonhou nos bra\u00e7os do homem que tem de trair e descobre que a paix\u00e3o pode ser mais perigosa do que a vingan\u00e7a.<\/p>\n","protected":false},"featured_media":7880,"template":"","meta":{"_monsterinsights_skip_tracking":false,"_monsterinsights_sitenote_active":false,"_monsterinsights_sitenote_note":"","_monsterinsights_sitenote_category":0},"product_cat":[103],"product_tag":[],"class_list":{"0":"post-7878","1":"product","2":"type-product","3":"status-publish","4":"has-post-thumbnail","6":"product_cat-literatura","7":"pa_book-author-monica-mccarty","9":"first","10":"outofstock","11":"shipping-taxable","12":"purchasable","13":"product-type-simple"},"_links":{"self":[{"href":"https:\/\/mabuko.co.mz\/site\/index.php?rest_route=\/wp\/v2\/product\/7878","targetHints":{"allow":["GET"]}}],"collection":[{"href":"https:\/\/mabuko.co.mz\/site\/index.php?rest_route=\/wp\/v2\/product"}],"about":[{"href":"https:\/\/mabuko.co.mz\/site\/index.php?rest_route=\/wp\/v2\/types\/product"}],"wp:featuredmedia":[{"embeddable":true,"href":"https:\/\/mabuko.co.mz\/site\/index.php?rest_route=\/wp\/v2\/media\/7880"}],"wp:attachment":[{"href":"https:\/\/mabuko.co.mz\/site\/index.php?rest_route=%2Fwp%2Fv2%2Fmedia&parent=7878"}],"wp:term":[{"taxonomy":"product_cat","embeddable":true,"href":"https:\/\/mabuko.co.mz\/site\/index.php?rest_route=%2Fwp%2Fv2%2Fproduct_cat&post=7878"},{"taxonomy":"product_tag","embeddable":true,"href":"https:\/\/mabuko.co.mz\/site\/index.php?rest_route=%2Fwp%2Fv2%2Fproduct_tag&post=7878"}],"curies":[{"name":"wp","href":"https:\/\/api.w.org\/{rel}","templated":true}]}}