{"id":7858,"date":"2022-11-28T13:15:18","date_gmt":"2022-11-28T13:15:18","guid":{"rendered":"https:\/\/mabuko.co.mz\/?post_type=product&#038;p=7858"},"modified":"2023-01-12T14:29:47","modified_gmt":"2023-01-12T14:29:47","slug":"uma-escolha-por-amor-2","status":"publish","type":"product","link":"https:\/\/mabuko.co.mz\/site\/?product=uma-escolha-por-amor-2","title":{"rendered":"UMA ESCOLHA POR AMOR"},"content":{"rendered":"<p>Nicholas Sparks<\/p>\n<p>9789722338608<\/p>\n","protected":false},"excerpt":{"rendered":"<p><strong>SINOPSE<\/strong><\/p>\n<p align=\"justify\">Passado na costa da Carolina do Norte, o mais recente livro de Nicholas Sparks aborda as consequ\u00eancias de diversas escolhas feitas por Travis Parker, um veterin\u00e1rio, e pela sua vizinha Gabrielle Holland, assistente m\u00e9dica. Travis levava uma vida tranquila at\u00e9 Gaby fazer parte dela. E o mesmo se poder\u00e1 dizer de Gaby que mantinha uma rela\u00e7\u00e3o de longa data com o namorado at\u00e9 se apaixonar perdidamente por Travis. Que decis\u00e3o ir\u00e1 ela tomar? Permanecer ao lado do homem que j\u00e1 conhece ou lan\u00e7ar-se numa nova aventura com um desconhecido? Durante a primeira parte do romance acompanhamos o processo de escolha de Gabby, e os efeitos que ter\u00e1 na vida de ambos. A segunda parte da hist\u00f3ria tem lugar onze anos depois, quando Travis tem de tomar uma decis\u00e3o de vida ou morte no seguimento de um acidente de via\u00e7\u00e3o.<\/p>\n<p align=\"justify\">&#8220;Uma Escolha por Amor&#8221; confronta-nos com a quest\u00e3o mais profunda de todas: at\u00e9 onde iria para manter viva a esperan\u00e7a do amor? Um livro comovente, ao melhor estilo de Nicholas Sparks.<\/p>\n","protected":false},"featured_media":7859,"template":"","meta":{"_monsterinsights_skip_tracking":false,"_monsterinsights_sitenote_active":false,"_monsterinsights_sitenote_note":"","_monsterinsights_sitenote_category":0},"product_cat":[105],"product_tag":[],"class_list":{"0":"post-7858","1":"product","2":"type-product","3":"status-publish","4":"has-post-thumbnail","6":"product_cat-romance","7":"pa_book-author-nicholas-sparks","9":"first","10":"outofstock","11":"shipping-taxable","12":"purchasable","13":"product-type-simple"},"_links":{"self":[{"href":"https:\/\/mabuko.co.mz\/site\/index.php?rest_route=\/wp\/v2\/product\/7858","targetHints":{"allow":["GET"]}}],"collection":[{"href":"https:\/\/mabuko.co.mz\/site\/index.php?rest_route=\/wp\/v2\/product"}],"about":[{"href":"https:\/\/mabuko.co.mz\/site\/index.php?rest_route=\/wp\/v2\/types\/product"}],"wp:featuredmedia":[{"embeddable":true,"href":"https:\/\/mabuko.co.mz\/site\/index.php?rest_route=\/wp\/v2\/media\/7859"}],"wp:attachment":[{"href":"https:\/\/mabuko.co.mz\/site\/index.php?rest_route=%2Fwp%2Fv2%2Fmedia&parent=7858"}],"wp:term":[{"taxonomy":"product_cat","embeddable":true,"href":"https:\/\/mabuko.co.mz\/site\/index.php?rest_route=%2Fwp%2Fv2%2Fproduct_cat&post=7858"},{"taxonomy":"product_tag","embeddable":true,"href":"https:\/\/mabuko.co.mz\/site\/index.php?rest_route=%2Fwp%2Fv2%2Fproduct_tag&post=7858"}],"curies":[{"name":"wp","href":"https:\/\/api.w.org\/{rel}","templated":true}]}}