{"id":7856,"date":"2022-11-28T13:06:14","date_gmt":"2022-11-28T13:06:14","guid":{"rendered":"https:\/\/mabuko.co.mz\/?post_type=product&#038;p=7856"},"modified":"2023-01-12T14:31:18","modified_gmt":"2023-01-12T14:31:18","slug":"cada-suspiro-teu","status":"publish","type":"product","link":"https:\/\/mabuko.co.mz\/site\/?product=cada-suspiro-teu","title":{"rendered":"CADA SUSPIRO TEU"},"content":{"rendered":"<p>Nicholas Sparks<\/p>\n<p>9789892343488<\/p>\n","protected":false},"excerpt":{"rendered":"<p><strong>SINOPSE<\/strong><\/p>\n<p>O acaso juntou duas pessoas numa praia.<br \/>\nEla \u00e9 Hope Anderson, nascida e criada na Carolina do Norte.<br \/>\nEle \u00e9 Tru Walls, guia de safaris no Zimbabu\u00e9, onde nasceu.<\/p>\n<p>Hope est\u00e1 a viver um momento dif\u00edcil. A rela\u00e7\u00e3o com o namorado j\u00e1 n\u00e3o a faz feliz e o pai acaba de receber um diagn\u00f3stico terr\u00edvel. Sunset Beach \u00e9 o local ideal para encontrar a paz de que necessita para refletir sobre a sua vida.<br \/>\nTru est\u00e1 perante um momento revelador. Cresceu em \u00c1frica e nunca conheceu o pai. Em Sunset Beach, prepara-se para o encontrar pela primeira vez.<\/p>\n<p>Quando os caminhos de Hope e Tru se cruzam, a magia acontece. Mas, por muito intensos que sejam os seus sentimentos, ambos sabem que ter\u00e3o de fazer uma escolha dilacerante.<br \/>\nA praia que os uniu, v\u00ea-os, agora, partir. A areia cobre-lhes os passos, as mar\u00e9s seguem o seu ritmo ancestral\u2026 e uma carta resistir\u00e1 ao tempo para ditar, um dia, o seu futuro adiado.<\/p>\n<p>Inspirado numa hist\u00f3ria real, &#8220;Cada Suspiro Teu&#8221; fala-nos de um encontro que fica gravado a fogo no cora\u00e7\u00e3o e na mem\u00f3ria de duas pessoas de mundos opostos, transcendendo o tempo, os continentes, e o toque &#8211; por vezes agridoce &#8211; do Destino\u2026<\/p>\n","protected":false},"featured_media":7857,"template":"","meta":{"_monsterinsights_skip_tracking":false,"_monsterinsights_sitenote_active":false,"_monsterinsights_sitenote_note":"","_monsterinsights_sitenote_category":0},"product_cat":[105],"product_tag":[],"class_list":{"0":"post-7856","1":"product","2":"type-product","3":"status-publish","4":"has-post-thumbnail","6":"product_cat-romance","7":"pa_book-author-nicholas-sparks","9":"first","10":"outofstock","11":"shipping-taxable","12":"purchasable","13":"product-type-simple"},"_links":{"self":[{"href":"https:\/\/mabuko.co.mz\/site\/index.php?rest_route=\/wp\/v2\/product\/7856","targetHints":{"allow":["GET"]}}],"collection":[{"href":"https:\/\/mabuko.co.mz\/site\/index.php?rest_route=\/wp\/v2\/product"}],"about":[{"href":"https:\/\/mabuko.co.mz\/site\/index.php?rest_route=\/wp\/v2\/types\/product"}],"wp:featuredmedia":[{"embeddable":true,"href":"https:\/\/mabuko.co.mz\/site\/index.php?rest_route=\/wp\/v2\/media\/7857"}],"wp:attachment":[{"href":"https:\/\/mabuko.co.mz\/site\/index.php?rest_route=%2Fwp%2Fv2%2Fmedia&parent=7856"}],"wp:term":[{"taxonomy":"product_cat","embeddable":true,"href":"https:\/\/mabuko.co.mz\/site\/index.php?rest_route=%2Fwp%2Fv2%2Fproduct_cat&post=7856"},{"taxonomy":"product_tag","embeddable":true,"href":"https:\/\/mabuko.co.mz\/site\/index.php?rest_route=%2Fwp%2Fv2%2Fproduct_tag&post=7856"}],"curies":[{"name":"wp","href":"https:\/\/api.w.org\/{rel}","templated":true}]}}