{"id":7853,"date":"2022-11-28T12:57:55","date_gmt":"2022-11-28T12:57:55","guid":{"rendered":"https:\/\/mabuko.co.mz\/?post_type=product&#038;p=7853"},"modified":"2023-01-12T12:51:52","modified_gmt":"2023-01-12T12:51:52","slug":"acucar-queimado","status":"publish","type":"product","link":"https:\/\/mabuko.co.mz\/site\/?product=acucar-queimado","title":{"rendered":"A\u00c7\u00daCAR QUEIMADO"},"content":{"rendered":"<p>Avni Doshi<\/p>\n<p>9789722072755<\/p>\n","protected":false},"excerpt":{"rendered":"<p><strong>SINOPSE<\/strong><\/p>\n<p>Uma hist\u00f3ria de obsess\u00f5es e trai\u00e7\u00e3o. Uma hist\u00f3ria de amor envenenada, cujos protagonistas, ao contr\u00e1rio do que seria de esperar, n\u00e3o s\u00e3o dois amantes: s\u00e3o m\u00e3e e filha.<\/p>\n<p>Na sua juventude, Tara era uma rebelde. Abandonou o seu casamento infeliz e foi viver para um ashram, uma comunidade espiritual hindu, mendigou nas ruas &#8211; porque a fam\u00edlia abastada lhe fechou a porta de casa &#8211; e passou anos a correr atr\u00e1s de um artista sem eira nem beira, com a filha a reboque. Hoje, \u00e9 uma mulher com falhas de mem\u00f3ria, que paga o sal\u00e1rio da empregada a dobrar e se esquece do g\u00e1s ligado durante a noite. A filha, agora adulta, v\u00ea-se obrigada a cuidar de uma m\u00e3e que nunca quis saber dela em crian\u00e7a.<br \/>\nAcutilante e c\u00e1ustica, Avni Doshi faz-nos questionar n\u00e3o s\u00f3 at\u00e9 que ponto conhecemos as pessoas que nos s\u00e3o mais chegadas, mas tamb\u00e9m em que medida conhecemos os nossos pr\u00f3prios limites.<br \/>\nFoi traduzido por T\u00e2nia Ganho.<\/p>\n","protected":false},"featured_media":7855,"template":"","meta":{"_monsterinsights_skip_tracking":false,"_monsterinsights_sitenote_active":false,"_monsterinsights_sitenote_note":"","_monsterinsights_sitenote_category":0},"product_cat":[105],"product_tag":[],"class_list":{"0":"post-7853","1":"product","2":"type-product","3":"status-publish","4":"has-post-thumbnail","6":"product_cat-romance","7":"pa_book-author-avni-doshi","9":"first","10":"outofstock","11":"shipping-taxable","12":"purchasable","13":"product-type-simple"},"_links":{"self":[{"href":"https:\/\/mabuko.co.mz\/site\/index.php?rest_route=\/wp\/v2\/product\/7853","targetHints":{"allow":["GET"]}}],"collection":[{"href":"https:\/\/mabuko.co.mz\/site\/index.php?rest_route=\/wp\/v2\/product"}],"about":[{"href":"https:\/\/mabuko.co.mz\/site\/index.php?rest_route=\/wp\/v2\/types\/product"}],"wp:featuredmedia":[{"embeddable":true,"href":"https:\/\/mabuko.co.mz\/site\/index.php?rest_route=\/wp\/v2\/media\/7855"}],"wp:attachment":[{"href":"https:\/\/mabuko.co.mz\/site\/index.php?rest_route=%2Fwp%2Fv2%2Fmedia&parent=7853"}],"wp:term":[{"taxonomy":"product_cat","embeddable":true,"href":"https:\/\/mabuko.co.mz\/site\/index.php?rest_route=%2Fwp%2Fv2%2Fproduct_cat&post=7853"},{"taxonomy":"product_tag","embeddable":true,"href":"https:\/\/mabuko.co.mz\/site\/index.php?rest_route=%2Fwp%2Fv2%2Fproduct_tag&post=7853"}],"curies":[{"name":"wp","href":"https:\/\/api.w.org\/{rel}","templated":true}]}}