{"id":7851,"date":"2022-11-28T12:50:35","date_gmt":"2022-11-28T12:50:35","guid":{"rendered":"https:\/\/mabuko.co.mz\/?post_type=product&#038;p=7851"},"modified":"2023-01-12T12:52:27","modified_gmt":"2023-01-12T12:52:27","slug":"o-amor-da-tua-vida","status":"publish","type":"product","link":"https:\/\/mabuko.co.mz\/site\/?product=o-amor-da-tua-vida","title":{"rendered":"O AMOR DA TUA VIDA"},"content":{"rendered":"<p><strong>\u00a0<\/strong>Cecelia Ahern<\/p>\n<p>9789722354042<\/p>\n","protected":false},"excerpt":{"rendered":"<p><strong>SINOPSE<\/strong><\/p>\n<p>Contra toda a l\u00f3gica da teoria das probabilidades, Christine Rose v\u00ea-se, no curt\u00edssimo espa\u00e7o de um m\u00eas, por duas vezes diante da imin\u00eancia de assistir a um suic\u00eddio. No primeiro caso, o de Simon Conway, n\u00e3o conseguiu impedi-lo. Mas quando, uma noite, ao atravessar a ponte de Ha&#8217; penny, em Dublin, se depara com um homem, que amea\u00e7a atirar-se ao rio, Christine promete a si mesma que desta vez n\u00e3o ir\u00e1 falhar. Adam Basil, \u00e9 este o nome do misterioso estranho, n\u00e3o pode morrer. Tem ent\u00e3o uma ideia inusitada: fazer um pacto com ele. Compromete-se a, at\u00e9 ao dia do seu 35\u00ba anivers\u00e1rio, a duas semanas de dist\u00e2ncia, faz\u00ea-lo apaixonar-se de novo pela vida.<br \/>\n<i>O Amor da Tua Vida<\/i>\u00a0traz-nos Cecelia Ahern no seu melhor, com uma hist\u00f3ria capaz de nos comover, divertir e apaixonar.<\/p>\n","protected":false},"featured_media":7852,"template":"","meta":{"_monsterinsights_skip_tracking":false,"_monsterinsights_sitenote_active":false,"_monsterinsights_sitenote_note":"","_monsterinsights_sitenote_category":0},"product_cat":[105],"product_tag":[],"class_list":{"0":"post-7851","1":"product","2":"type-product","3":"status-publish","4":"has-post-thumbnail","6":"product_cat-romance","7":"pa_book-author-cecelia-ahern","9":"first","10":"outofstock","11":"shipping-taxable","12":"purchasable","13":"product-type-simple"},"_links":{"self":[{"href":"https:\/\/mabuko.co.mz\/site\/index.php?rest_route=\/wp\/v2\/product\/7851","targetHints":{"allow":["GET"]}}],"collection":[{"href":"https:\/\/mabuko.co.mz\/site\/index.php?rest_route=\/wp\/v2\/product"}],"about":[{"href":"https:\/\/mabuko.co.mz\/site\/index.php?rest_route=\/wp\/v2\/types\/product"}],"wp:featuredmedia":[{"embeddable":true,"href":"https:\/\/mabuko.co.mz\/site\/index.php?rest_route=\/wp\/v2\/media\/7852"}],"wp:attachment":[{"href":"https:\/\/mabuko.co.mz\/site\/index.php?rest_route=%2Fwp%2Fv2%2Fmedia&parent=7851"}],"wp:term":[{"taxonomy":"product_cat","embeddable":true,"href":"https:\/\/mabuko.co.mz\/site\/index.php?rest_route=%2Fwp%2Fv2%2Fproduct_cat&post=7851"},{"taxonomy":"product_tag","embeddable":true,"href":"https:\/\/mabuko.co.mz\/site\/index.php?rest_route=%2Fwp%2Fv2%2Fproduct_tag&post=7851"}],"curies":[{"name":"wp","href":"https:\/\/api.w.org\/{rel}","templated":true}]}}