{"id":7847,"date":"2022-11-28T12:39:21","date_gmt":"2022-11-28T12:39:21","guid":{"rendered":"https:\/\/mabuko.co.mz\/?post_type=product&#038;p=7847"},"modified":"2023-01-12T12:54:59","modified_gmt":"2023-01-12T12:54:59","slug":"fusao","status":"publish","type":"product","link":"https:\/\/mabuko.co.mz\/site\/?product=fusao","title":{"rendered":"FUS\u00c3O"},"content":{"rendered":"<p>Julianna Baggott<\/p>\n<p>9789722355728<\/p>\n","protected":false},"excerpt":{"rendered":"<p><strong>SINOPSE<\/strong><\/p>\n<p>Em\u00a0<i>Fus\u00e3o<\/i>, voltamos a encontrar Pressia, a jovem determinada a descobrir os segredos do passado; Lyda, a guerreira; Bradwell, o revolucion\u00e1rio; El Capitan, o guarda e por fim Partridge, um Puro. Juntos organizam um grupo de guerrilha para p\u00f4r termo a um plano secreto e diab\u00f3lico que est\u00e1 a ser arquitetado pela elite cient\u00edfica da C\u00fapula. Se conseguirem vencer milhares de vidas poder\u00e3o ser salvas, mas se n\u00e3o, a humanidade corre um grave perigo\u2026<br \/>\nEste segundo volume da trilogia, iniciada com o volume\u00a0<i>Puros<\/i>, \u00e9 o relato de uma aventura \u00e9pica mas \u00e9 tamb\u00e9m uma hist\u00f3ria de amor inesquec\u00edvel.<\/p>\n","protected":false},"featured_media":7849,"template":"","meta":{"_monsterinsights_skip_tracking":false,"_monsterinsights_sitenote_active":false,"_monsterinsights_sitenote_note":"","_monsterinsights_sitenote_category":0},"product_cat":[103],"product_tag":[],"class_list":{"0":"post-7847","1":"product","2":"type-product","3":"status-publish","4":"has-post-thumbnail","6":"product_cat-literatura","7":"pa_book-author-julianna-baggott","9":"first","10":"outofstock","11":"shipping-taxable","12":"purchasable","13":"product-type-simple"},"_links":{"self":[{"href":"https:\/\/mabuko.co.mz\/site\/index.php?rest_route=\/wp\/v2\/product\/7847","targetHints":{"allow":["GET"]}}],"collection":[{"href":"https:\/\/mabuko.co.mz\/site\/index.php?rest_route=\/wp\/v2\/product"}],"about":[{"href":"https:\/\/mabuko.co.mz\/site\/index.php?rest_route=\/wp\/v2\/types\/product"}],"wp:featuredmedia":[{"embeddable":true,"href":"https:\/\/mabuko.co.mz\/site\/index.php?rest_route=\/wp\/v2\/media\/7849"}],"wp:attachment":[{"href":"https:\/\/mabuko.co.mz\/site\/index.php?rest_route=%2Fwp%2Fv2%2Fmedia&parent=7847"}],"wp:term":[{"taxonomy":"product_cat","embeddable":true,"href":"https:\/\/mabuko.co.mz\/site\/index.php?rest_route=%2Fwp%2Fv2%2Fproduct_cat&post=7847"},{"taxonomy":"product_tag","embeddable":true,"href":"https:\/\/mabuko.co.mz\/site\/index.php?rest_route=%2Fwp%2Fv2%2Fproduct_tag&post=7847"}],"curies":[{"name":"wp","href":"https:\/\/api.w.org\/{rel}","templated":true}]}}