{"id":7843,"date":"2022-11-28T12:29:13","date_gmt":"2022-11-28T12:29:13","guid":{"rendered":"https:\/\/mabuko.co.mz\/?post_type=product&#038;p=7843"},"modified":"2023-01-12T12:55:28","modified_gmt":"2023-01-12T12:55:28","slug":"as-namoradas-do-meu-marido","status":"publish","type":"product","link":"https:\/\/mabuko.co.mz\/site\/?product=as-namoradas-do-meu-marido","title":{"rendered":"AS NAMORADAS DO MEU MARIDO"},"content":{"rendered":"<p>Bridget Asher<\/p>\n<p>9789722348775<\/p>\n","protected":false},"excerpt":{"rendered":"<p><strong>SINOPSE<\/strong><\/p>\n<p>Quando Lucy Shoreman descobre que o seu encantador e infiel marido est\u00e1 \u00e0s portas da morte, agarra na agenda secreta que ele possu\u00eda e decide telefonar \u00e0s suas amantes a convid\u00e1-las para uma \u00faltima visita, sem pensar que ter\u00e3o de facto coragem para a fazer. Mas assim que elas come\u00e7am a aparecer uma a uma, Lucy sabe que as surpresas n\u00e3o se v\u00e3o ficar por a\u00ed&#8230; Uma com\u00e9dia rom\u00e2ntica que lan\u00e7a um olhar perspicaz sobre o casamento, as rela\u00e7\u00f5es familiares, a amizade&#8230; e sobre o perd\u00e3o inesperado que pode mudar a nossa vida para sempre.<\/p>\n","protected":false},"featured_media":7846,"template":"","meta":{"_monsterinsights_skip_tracking":false,"_monsterinsights_sitenote_active":false,"_monsterinsights_sitenote_note":"","_monsterinsights_sitenote_category":0},"product_cat":[105],"product_tag":[],"class_list":{"0":"post-7843","1":"product","2":"type-product","3":"status-publish","4":"has-post-thumbnail","6":"product_cat-romance","7":"pa_book-author-bridget-asher","9":"first","10":"outofstock","11":"shipping-taxable","12":"purchasable","13":"product-type-simple"},"_links":{"self":[{"href":"https:\/\/mabuko.co.mz\/site\/index.php?rest_route=\/wp\/v2\/product\/7843","targetHints":{"allow":["GET"]}}],"collection":[{"href":"https:\/\/mabuko.co.mz\/site\/index.php?rest_route=\/wp\/v2\/product"}],"about":[{"href":"https:\/\/mabuko.co.mz\/site\/index.php?rest_route=\/wp\/v2\/types\/product"}],"wp:featuredmedia":[{"embeddable":true,"href":"https:\/\/mabuko.co.mz\/site\/index.php?rest_route=\/wp\/v2\/media\/7846"}],"wp:attachment":[{"href":"https:\/\/mabuko.co.mz\/site\/index.php?rest_route=%2Fwp%2Fv2%2Fmedia&parent=7843"}],"wp:term":[{"taxonomy":"product_cat","embeddable":true,"href":"https:\/\/mabuko.co.mz\/site\/index.php?rest_route=%2Fwp%2Fv2%2Fproduct_cat&post=7843"},{"taxonomy":"product_tag","embeddable":true,"href":"https:\/\/mabuko.co.mz\/site\/index.php?rest_route=%2Fwp%2Fv2%2Fproduct_tag&post=7843"}],"curies":[{"name":"wp","href":"https:\/\/api.w.org\/{rel}","templated":true}]}}