{"id":7840,"date":"2022-11-28T12:16:39","date_gmt":"2022-11-28T12:16:39","guid":{"rendered":"https:\/\/mabuko.co.mz\/?post_type=product&#038;p=7840"},"modified":"2023-01-12T12:56:22","modified_gmt":"2023-01-12T12:56:22","slug":"a-promessa","status":"publish","type":"product","link":"https:\/\/mabuko.co.mz\/site\/?product=a-promessa","title":{"rendered":"A PROMESSA"},"content":{"rendered":"<p>Damon Galgut<\/p>\n<p>9789897831706<\/p>\n","protected":false},"excerpt":{"rendered":"<p><strong>SINOPSE<\/strong><\/p>\n<p>Obcecados, perseguidos e assombrados por uma promessa n\u00e3o cumprida, os membros da fam\u00edlia Swart dispersam-se depois da morte da matriarca.<\/p>\n<p>Impelidos pelas circunst\u00e2ncias, as vidas dos tr\u00eas irm\u00e3os movem-se cada uma para seu lado atrav\u00e9s da \u00c1frica do Sul; Anton, um brilhante rapaz que v\u00ea amargamente o seu futuro amea\u00e7ado; Astrid, cujo poder reside numa beleza sempre em queda; e a mais nova, Amor, cuja vida \u00e9 marcada por sentimentos de culpa e abnega\u00e7\u00e3o.<\/p>\n<p>Reunida em quatro funerais ao longo de tr\u00eas d\u00e9cadas, esta fam\u00edlia, que vai diminuindo com o tempo, reflecte a atmosfera do seu pa\u00eds, feita de ressentimento, renova\u00e7\u00e3o e, finalmente, de esperan\u00e7a.<\/p>\n<p><i>A Promessa<\/i>\u00a0\u00e9 um drama \u00e9pico, que desfralda bandeiras contra a impiedade da hist\u00f3ria sul-africana.<\/p>\n","protected":false},"featured_media":7842,"template":"","meta":{"_monsterinsights_skip_tracking":false,"_monsterinsights_sitenote_active":false,"_monsterinsights_sitenote_note":"","_monsterinsights_sitenote_category":0},"product_cat":[105],"product_tag":[],"class_list":{"0":"post-7840","1":"product","2":"type-product","3":"status-publish","4":"has-post-thumbnail","6":"product_cat-romance","7":"pa_book-author-damon-galgut","9":"first","10":"outofstock","11":"shipping-taxable","12":"purchasable","13":"product-type-simple"},"_links":{"self":[{"href":"https:\/\/mabuko.co.mz\/site\/index.php?rest_route=\/wp\/v2\/product\/7840","targetHints":{"allow":["GET"]}}],"collection":[{"href":"https:\/\/mabuko.co.mz\/site\/index.php?rest_route=\/wp\/v2\/product"}],"about":[{"href":"https:\/\/mabuko.co.mz\/site\/index.php?rest_route=\/wp\/v2\/types\/product"}],"wp:featuredmedia":[{"embeddable":true,"href":"https:\/\/mabuko.co.mz\/site\/index.php?rest_route=\/wp\/v2\/media\/7842"}],"wp:attachment":[{"href":"https:\/\/mabuko.co.mz\/site\/index.php?rest_route=%2Fwp%2Fv2%2Fmedia&parent=7840"}],"wp:term":[{"taxonomy":"product_cat","embeddable":true,"href":"https:\/\/mabuko.co.mz\/site\/index.php?rest_route=%2Fwp%2Fv2%2Fproduct_cat&post=7840"},{"taxonomy":"product_tag","embeddable":true,"href":"https:\/\/mabuko.co.mz\/site\/index.php?rest_route=%2Fwp%2Fv2%2Fproduct_tag&post=7840"}],"curies":[{"name":"wp","href":"https:\/\/api.w.org\/{rel}","templated":true}]}}