{"id":7838,"date":"2022-11-28T11:46:08","date_gmt":"2022-11-28T11:46:08","guid":{"rendered":"https:\/\/mabuko.co.mz\/?post_type=product&#038;p=7838"},"modified":"2023-01-12T12:57:04","modified_gmt":"2023-01-12T12:57:04","slug":"gritos-de-silencio","status":"publish","type":"product","link":"https:\/\/mabuko.co.mz\/site\/?product=gritos-de-silencio","title":{"rendered":"GRITOS DE SIL\u00caNCIO"},"content":{"rendered":"<p>Casey Watson<\/p>\n<p>9789722355933<\/p>\n","protected":false},"excerpt":{"rendered":"<p><strong>SINOPSE<\/strong><\/p>\n<p>Imogen \u00e9 uma adolescente problem\u00e1tica. Tem treze anos e sofre de mutismo seletivo. Na escola n\u00e3o fala, e em casa o seu comportamento \u00e9 agressivo, inst\u00e1vel e hostil. Os av\u00f3s, com quem vive, insistem que os problemas come\u00e7aram quando Imogen se tornou alvo de bullying na escola que frequentara anteriormente. Mas a intui\u00e7\u00e3o de Casey, a especialista em tratamento de crian\u00e7as traumatizadas, que cuida de Imogen, considera que algo de muito mais perturbador se esconde no passado desta menina. Determinada a ajud\u00e1-la, Casey consegue que Imogen, ao fim de meses de sil\u00eancio, pronuncie as primeiras palavras: Achei que ela ia pegar-me fogo. E \u00e9 a partir da\u00ed que a verdade devastadora come\u00e7a a revelar-se\u2026<\/p>\n","protected":false},"featured_media":7839,"template":"","meta":{"_monsterinsights_skip_tracking":false,"_monsterinsights_sitenote_active":false,"_monsterinsights_sitenote_note":"","_monsterinsights_sitenote_category":0},"product_cat":[103],"product_tag":[],"class_list":{"0":"post-7838","1":"product","2":"type-product","3":"status-publish","4":"has-post-thumbnail","6":"product_cat-literatura","7":"pa_book-author-casey-watson","9":"first","10":"outofstock","11":"shipping-taxable","12":"purchasable","13":"product-type-simple"},"_links":{"self":[{"href":"https:\/\/mabuko.co.mz\/site\/index.php?rest_route=\/wp\/v2\/product\/7838","targetHints":{"allow":["GET"]}}],"collection":[{"href":"https:\/\/mabuko.co.mz\/site\/index.php?rest_route=\/wp\/v2\/product"}],"about":[{"href":"https:\/\/mabuko.co.mz\/site\/index.php?rest_route=\/wp\/v2\/types\/product"}],"wp:featuredmedia":[{"embeddable":true,"href":"https:\/\/mabuko.co.mz\/site\/index.php?rest_route=\/wp\/v2\/media\/7839"}],"wp:attachment":[{"href":"https:\/\/mabuko.co.mz\/site\/index.php?rest_route=%2Fwp%2Fv2%2Fmedia&parent=7838"}],"wp:term":[{"taxonomy":"product_cat","embeddable":true,"href":"https:\/\/mabuko.co.mz\/site\/index.php?rest_route=%2Fwp%2Fv2%2Fproduct_cat&post=7838"},{"taxonomy":"product_tag","embeddable":true,"href":"https:\/\/mabuko.co.mz\/site\/index.php?rest_route=%2Fwp%2Fv2%2Fproduct_tag&post=7838"}],"curies":[{"name":"wp","href":"https:\/\/api.w.org\/{rel}","templated":true}]}}