{"id":7834,"date":"2022-11-28T09:08:55","date_gmt":"2022-11-28T09:08:55","guid":{"rendered":"https:\/\/mabuko.co.mz\/?post_type=product&#038;p=7834"},"modified":"2023-01-12T12:58:08","modified_gmt":"2023-01-12T12:58:08","slug":"o-regresso-da-primavera","status":"publish","type":"product","link":"https:\/\/mabuko.co.mz\/site\/?product=o-regresso-da-primavera","title":{"rendered":"O REGRESSO DA PRIMAVERA"},"content":{"rendered":"<p>Sveva Casati Modignani<\/p>\n<p>9789720030177<\/p>\n","protected":false},"excerpt":{"rendered":"<p><strong>SINOPSE<\/strong><\/p>\n<p>Passamos muito tempo a perseguir sonhos que nos escapam da m\u00e3o, uma felicidade que n\u00e3o se deixa aprisionar. E depois acontece que o melhor da vida se revela num instante, talvez na magia de um encontro inesperado. Como aquele que aconteceu entre Lorenzo e Fiamma, surpreendidos por um amor que nem mesmo eles, provavelmente, acreditavam ser ainda poss\u00edvel. Lorenzo Perego, um homem fascinante e culto, \u00e9 professor de Geografia Econ\u00f3mica numa escola profissional de Mil\u00e3o. Poderia ter escolhido um estabelecimento de maior prest\u00edgio, mas o ensino \u00e9 a sua paix\u00e3o e ajudar jovens com talento numa realidade dif\u00edcil e muitas vezes desoladora \u00e9 um desafio que o entusiasma e enriquece. Fiamma Morino, com pouco mais de 40 anos, \u00e9 directora editorial de uma pequena editora de sucesso que ela pr\u00f3pria fundou. Agora que a editora est\u00e1 prestes a sofrer uma dr\u00e1stica mudan\u00e7a de gest\u00e3o, com que Fiamma n\u00e3o concorda, est\u00e1 disposta a tudo para a defender e continuar a garantir o cuidado e o amor que desde sempre dedica aos seus autores. Atrav\u00e9s das viv\u00eancias de Fiamma e Lorenzo, conhecemos a It\u00e1lia de hoje, a da crise da Escola e da Economia, mas tamb\u00e9m aquela que \u00e9 feita de pessoas empreendedoras, prontas a arrega\u00e7ar as mangas e decididas a n\u00e3o se renderem.<\/p>\n","protected":false},"featured_media":7835,"template":"","meta":{"_monsterinsights_skip_tracking":false,"_monsterinsights_sitenote_active":false,"_monsterinsights_sitenote_note":"","_monsterinsights_sitenote_category":0},"product_cat":[105],"product_tag":[],"class_list":{"0":"post-7834","1":"product","2":"type-product","3":"status-publish","4":"has-post-thumbnail","6":"product_cat-romance","7":"pa_book-author-sveva-casati-modignani","9":"first","10":"outofstock","11":"shipping-taxable","12":"purchasable","13":"product-type-simple"},"_links":{"self":[{"href":"https:\/\/mabuko.co.mz\/site\/index.php?rest_route=\/wp\/v2\/product\/7834","targetHints":{"allow":["GET"]}}],"collection":[{"href":"https:\/\/mabuko.co.mz\/site\/index.php?rest_route=\/wp\/v2\/product"}],"about":[{"href":"https:\/\/mabuko.co.mz\/site\/index.php?rest_route=\/wp\/v2\/types\/product"}],"wp:featuredmedia":[{"embeddable":true,"href":"https:\/\/mabuko.co.mz\/site\/index.php?rest_route=\/wp\/v2\/media\/7835"}],"wp:attachment":[{"href":"https:\/\/mabuko.co.mz\/site\/index.php?rest_route=%2Fwp%2Fv2%2Fmedia&parent=7834"}],"wp:term":[{"taxonomy":"product_cat","embeddable":true,"href":"https:\/\/mabuko.co.mz\/site\/index.php?rest_route=%2Fwp%2Fv2%2Fproduct_cat&post=7834"},{"taxonomy":"product_tag","embeddable":true,"href":"https:\/\/mabuko.co.mz\/site\/index.php?rest_route=%2Fwp%2Fv2%2Fproduct_tag&post=7834"}],"curies":[{"name":"wp","href":"https:\/\/api.w.org\/{rel}","templated":true}]}}