{"id":7832,"date":"2022-11-28T08:55:33","date_gmt":"2022-11-28T08:55:33","guid":{"rendered":"https:\/\/mabuko.co.mz\/?post_type=product&#038;p=7832"},"modified":"2023-01-12T12:58:42","modified_gmt":"2023-01-12T12:58:42","slug":"o-tamanho-do-mundo","status":"publish","type":"product","link":"https:\/\/mabuko.co.mz\/site\/?product=o-tamanho-do-mundo","title":{"rendered":"O TAMANHO DO MUNDO"},"content":{"rendered":"<p>Ant\u00f3nio Lobo Antunes<\/p>\n<p>9789722075848<\/p>\n","protected":false},"excerpt":{"rendered":"<p><strong>SINOPSE<\/strong><\/p>\n<p>Por entre os estalos dos m\u00f3veis da sua casa em Lisboa, um idoso observa o outro lado do Tejo enquanto se perde nas mem\u00f3rias sobre uma cave e um pequeno jardim com um baloi\u00e7o.<\/p>\n<p>Independentemente de ter acabado por se tornar presidente de uma grande empresa, o sucesso jamais debelou a perda daquele tempo, acorrendo repetidas vezes ao local e imaginando que as pequenas coisas e as personagens (mais significativas, como a filha, ou mais casuais, como uma senhora que passa com um carrinho das compras) se mant\u00eam intactas, tal qual um tempo impoluto.<\/p>\n","protected":false},"featured_media":7833,"template":"","meta":{"_monsterinsights_skip_tracking":false,"_monsterinsights_sitenote_active":false,"_monsterinsights_sitenote_note":"","_monsterinsights_sitenote_category":0},"product_cat":[105],"product_tag":[],"class_list":{"0":"post-7832","1":"product","2":"type-product","3":"status-publish","4":"has-post-thumbnail","6":"product_cat-romance","7":"pa_book-author-antonio-lobo-antunes","9":"first","10":"outofstock","11":"shipping-taxable","12":"purchasable","13":"product-type-simple"},"_links":{"self":[{"href":"https:\/\/mabuko.co.mz\/site\/index.php?rest_route=\/wp\/v2\/product\/7832","targetHints":{"allow":["GET"]}}],"collection":[{"href":"https:\/\/mabuko.co.mz\/site\/index.php?rest_route=\/wp\/v2\/product"}],"about":[{"href":"https:\/\/mabuko.co.mz\/site\/index.php?rest_route=\/wp\/v2\/types\/product"}],"wp:featuredmedia":[{"embeddable":true,"href":"https:\/\/mabuko.co.mz\/site\/index.php?rest_route=\/wp\/v2\/media\/7833"}],"wp:attachment":[{"href":"https:\/\/mabuko.co.mz\/site\/index.php?rest_route=%2Fwp%2Fv2%2Fmedia&parent=7832"}],"wp:term":[{"taxonomy":"product_cat","embeddable":true,"href":"https:\/\/mabuko.co.mz\/site\/index.php?rest_route=%2Fwp%2Fv2%2Fproduct_cat&post=7832"},{"taxonomy":"product_tag","embeddable":true,"href":"https:\/\/mabuko.co.mz\/site\/index.php?rest_route=%2Fwp%2Fv2%2Fproduct_tag&post=7832"}],"curies":[{"name":"wp","href":"https:\/\/api.w.org\/{rel}","templated":true}]}}