{"id":7829,"date":"2022-11-28T08:49:00","date_gmt":"2022-11-28T08:49:00","guid":{"rendered":"https:\/\/mabuko.co.mz\/?post_type=product&#038;p=7829"},"modified":"2023-01-12T12:59:39","modified_gmt":"2023-01-12T12:59:39","slug":"uma-escolha-por-amor","status":"publish","type":"product","link":"https:\/\/mabuko.co.mz\/site\/?product=uma-escolha-por-amor","title":{"rendered":"UMA ESCOLHA POR AMOR"},"content":{"rendered":"<p>Nicholas Sparks<\/p>\n<p>9789892334349<\/p>\n","protected":false},"excerpt":{"rendered":"<p><strong>SINOPSE<\/strong><\/p>\n<p>Travis Parker tinha tudo o que um homem podia desejar: um bom emprego, grandes amigos e uma casa de sonho. N\u00e3o encontrara ainda a sua alma g\u00e9mea, mas tamb\u00e9m n\u00e3o sentia a sua falta&#8230; pelo menos, at\u00e9 ao dia em que um mal-entendido levou Gabby Holland, a nova vizinha, a bater-lhe \u00e0 porta.<br \/>\nGabby tamb\u00e9m n\u00e3o tencionava sucumbir aos encantos de Travis. Para come\u00e7ar, tinha uma rela\u00e7\u00e3o est\u00e1vel com um namorado de longa data\u2026 e o novo vizinho irritava-a imenso. Mas a animosidade depressa deu lugar a uma cordial amizade, e, aos poucos, a algo muito mais s\u00e9rio. Juntos, v\u00e3o empreender uma jornada que dificilmente poderiam ter antecipado.<br \/>\nAgora, anos mais tarde, Travis est\u00e1 no hospital, a sua vida despeda\u00e7ada, o futuro uma inc\u00f3gnita. Ele recorda o passado, todos os momentos que o levaram ali. Se ao menos pudesse fazer com que o tempo voltasse atr\u00e1s&#8230; Pois Travis encontra-se perante uma escolha que ningu\u00e9m deveria ter de fazer\u2026 nunca!<br \/>\nValer\u00e1 a pena quebrar a promessa que fez ao amor da sua vida?<br \/>\n<i>Uma Escolha Por Amor<\/i>\u00a0\u00e9 uma li\u00e7\u00e3o de vida sobre o poder do amor, da perseveran\u00e7a e da f\u00e9.<\/p>\n","protected":false},"featured_media":7831,"template":"","meta":{"_monsterinsights_skip_tracking":false,"_monsterinsights_sitenote_active":false,"_monsterinsights_sitenote_note":"","_monsterinsights_sitenote_category":0},"product_cat":[105],"product_tag":[],"class_list":{"0":"post-7829","1":"product","2":"type-product","3":"status-publish","4":"has-post-thumbnail","6":"product_cat-romance","7":"pa_book-author-nicholas-sparks","9":"first","10":"outofstock","11":"shipping-taxable","12":"purchasable","13":"product-type-simple"},"_links":{"self":[{"href":"https:\/\/mabuko.co.mz\/site\/index.php?rest_route=\/wp\/v2\/product\/7829","targetHints":{"allow":["GET"]}}],"collection":[{"href":"https:\/\/mabuko.co.mz\/site\/index.php?rest_route=\/wp\/v2\/product"}],"about":[{"href":"https:\/\/mabuko.co.mz\/site\/index.php?rest_route=\/wp\/v2\/types\/product"}],"wp:featuredmedia":[{"embeddable":true,"href":"https:\/\/mabuko.co.mz\/site\/index.php?rest_route=\/wp\/v2\/media\/7831"}],"wp:attachment":[{"href":"https:\/\/mabuko.co.mz\/site\/index.php?rest_route=%2Fwp%2Fv2%2Fmedia&parent=7829"}],"wp:term":[{"taxonomy":"product_cat","embeddable":true,"href":"https:\/\/mabuko.co.mz\/site\/index.php?rest_route=%2Fwp%2Fv2%2Fproduct_cat&post=7829"},{"taxonomy":"product_tag","embeddable":true,"href":"https:\/\/mabuko.co.mz\/site\/index.php?rest_route=%2Fwp%2Fv2%2Fproduct_tag&post=7829"}],"curies":[{"name":"wp","href":"https:\/\/api.w.org\/{rel}","templated":true}]}}