{"id":7827,"date":"2022-11-28T08:42:51","date_gmt":"2022-11-28T08:42:51","guid":{"rendered":"https:\/\/mabuko.co.mz\/?post_type=product&#038;p=7827"},"modified":"2023-01-12T13:00:21","modified_gmt":"2023-01-12T13:00:21","slug":"o-diario-da-nossa-paixao","status":"publish","type":"product","link":"https:\/\/mabuko.co.mz\/site\/?product=o-diario-da-nossa-paixao","title":{"rendered":"O DI\u00c1RIO DA NOSSA PAIX\u00c3O"},"content":{"rendered":"<p>Nicholas Sparks<\/p>\n<p>9789892340272<\/p>\n","protected":false},"excerpt":{"rendered":"<p><strong>SINOPSE<\/strong><\/p>\n<p>&#8220;\u00c9s, e sempre foste, o meu sonho.&#8221;<br \/>\nUm homem l\u00ea em voz alta de um caderno desbotado que segura com carinho. A sua ouvinte escuta atentamente, ansiosa por saber o desfecho da hist\u00f3ria que ele lhe conta\u2026<br \/>\nTrata-se das mem\u00f3rias de Noah Calhoun, acabado de regressar da Segunda Guerra. Enquanto trabalha na reconstru\u00e7\u00e3o de uma velha casa, a sua mente divaga, atormentada pelas recorda\u00e7\u00f5es de Allie, o grande amor da sua vida, que h\u00e1 catorze anos lhe escapou por entre os dedos.<br \/>\nMas, t\u00e3o subitamente como desapareceu, Allie volta a entrar na sua vida, e Noah percebe que a hist\u00f3ria est\u00e1 apenas no come\u00e7o.<br \/>\nO homem torna a fechar o caderno. Sempre a mesma hist\u00f3ria. Sempre a mesma ouvinte. Amanh\u00e3, o homem voltar\u00e1 a ler, bem como no dia a seguir a esse, e todos os outros em que for capaz de o fazer. Porque acredita em milagres, e no poder do amor\u2026<br \/>\nFoi este o livro que comoveu milh\u00f5es de leitores.<br \/>\nFoi esta a hist\u00f3ria que fez com que o mundo se rendesse \u00e0 escrita de Nicholas Sparks.<\/p>\n","protected":false},"featured_media":7828,"template":"","meta":{"_monsterinsights_skip_tracking":false,"_monsterinsights_sitenote_active":false,"_monsterinsights_sitenote_note":"","_monsterinsights_sitenote_category":0},"product_cat":[105],"product_tag":[],"class_list":{"0":"post-7827","1":"product","2":"type-product","3":"status-publish","4":"has-post-thumbnail","6":"product_cat-romance","7":"pa_book-author-nicholas-sparks","9":"first","10":"outofstock","11":"shipping-taxable","12":"purchasable","13":"product-type-simple"},"_links":{"self":[{"href":"https:\/\/mabuko.co.mz\/site\/index.php?rest_route=\/wp\/v2\/product\/7827","targetHints":{"allow":["GET"]}}],"collection":[{"href":"https:\/\/mabuko.co.mz\/site\/index.php?rest_route=\/wp\/v2\/product"}],"about":[{"href":"https:\/\/mabuko.co.mz\/site\/index.php?rest_route=\/wp\/v2\/types\/product"}],"wp:featuredmedia":[{"embeddable":true,"href":"https:\/\/mabuko.co.mz\/site\/index.php?rest_route=\/wp\/v2\/media\/7828"}],"wp:attachment":[{"href":"https:\/\/mabuko.co.mz\/site\/index.php?rest_route=%2Fwp%2Fv2%2Fmedia&parent=7827"}],"wp:term":[{"taxonomy":"product_cat","embeddable":true,"href":"https:\/\/mabuko.co.mz\/site\/index.php?rest_route=%2Fwp%2Fv2%2Fproduct_cat&post=7827"},{"taxonomy":"product_tag","embeddable":true,"href":"https:\/\/mabuko.co.mz\/site\/index.php?rest_route=%2Fwp%2Fv2%2Fproduct_tag&post=7827"}],"curies":[{"name":"wp","href":"https:\/\/api.w.org\/{rel}","templated":true}]}}