{"id":7824,"date":"2022-11-28T08:34:09","date_gmt":"2022-11-28T08:34:09","guid":{"rendered":"https:\/\/mabuko.co.mz\/?post_type=product&#038;p=7824"},"modified":"2023-01-12T13:04:01","modified_gmt":"2023-01-12T13:04:01","slug":"um-sonho-so-nosso","status":"publish","type":"product","link":"https:\/\/mabuko.co.mz\/site\/?product=um-sonho-so-nosso","title":{"rendered":"UM SONHO S\u00d3 NOSSO"},"content":{"rendered":"<p>Nicholas Sparks<\/p>\n<p>9789892355214<\/p>\n","protected":false},"excerpt":{"rendered":"<p><strong>SINOPSE<\/strong><\/p>\n<p>Houve um tempo em que Colby Mills acreditou no seu futuro como m\u00fasico &#8211; at\u00e9 ao dia em que uma trag\u00e9dia deitou por terra todas as suas aspira\u00e7\u00f5es. Ocupado agora a gerir uma pequena quinta na Carolina do Norte, \u00e9 num impulso que aceita tocar num bar na Florida, buscando apenas uma breve pausa na dureza da vida rural.<\/p>\n<p>N\u00e3o contava que a encatadora Morgan Lee entrasse na sua vida e o fizesse questionar tudo&#8230; Filha de m\u00e9dcos proeminentes de Chcago e com a forma\u00e7\u00e3o musical, tamb\u00e9m ela sonha com o estrelato, e a sua paix\u00e3o pela a vida \u00e9 contagiante. Morgan e Colby parecem completar-se na perfei\u00e7\u00e3o.<\/p>\n<p>Os dois jovens n\u00e3o s\u00e3o os \u00fanicos a iniciar uma viagem de autodescoberta. Ainda que de maneira diferente, Beverly tamb\u00e9m tenta encontar o seu caminho. Tendo fugido com o filho de 6 anos ao marido violento, procura come\u00e7ar de novo num local tranquilo e discreto. Mas com odinheiro a escassear e o perigo a espreitar a cada esquina, o desespero obriga-a a tomar uma decis\u00e3o que vai mudar tudo.<\/p>\n<p>Enquanto o jovem casal vive altos e baixos do primeiro amor, a centenas de quilometros de dinst\u00e2ncia, Beverly vai p\u00f4r \u00e0 prova a sua devo\u00e7\u00e3o pelo filho. E o destino depressa se encarrega de fazer o resto, colocando estas tr\u00eas pessoas em rota de colis\u00e3o- e obrigando-as a questionar o poder dos sonhos perante a amea\u00e7a das amarras do passado.<\/p>\n<p>&nbsp;<\/p>\n<p>&nbsp;<\/p>\n","protected":false},"featured_media":7826,"template":"","meta":{"_monsterinsights_skip_tracking":false,"_monsterinsights_sitenote_active":false,"_monsterinsights_sitenote_note":"","_monsterinsights_sitenote_category":0},"product_cat":[105],"product_tag":[],"class_list":{"0":"post-7824","1":"product","2":"type-product","3":"status-publish","4":"has-post-thumbnail","6":"product_cat-romance","7":"pa_book-author-nicholas-sparks","9":"first","10":"outofstock","11":"shipping-taxable","12":"purchasable","13":"product-type-simple"},"_links":{"self":[{"href":"https:\/\/mabuko.co.mz\/site\/index.php?rest_route=\/wp\/v2\/product\/7824","targetHints":{"allow":["GET"]}}],"collection":[{"href":"https:\/\/mabuko.co.mz\/site\/index.php?rest_route=\/wp\/v2\/product"}],"about":[{"href":"https:\/\/mabuko.co.mz\/site\/index.php?rest_route=\/wp\/v2\/types\/product"}],"wp:featuredmedia":[{"embeddable":true,"href":"https:\/\/mabuko.co.mz\/site\/index.php?rest_route=\/wp\/v2\/media\/7826"}],"wp:attachment":[{"href":"https:\/\/mabuko.co.mz\/site\/index.php?rest_route=%2Fwp%2Fv2%2Fmedia&parent=7824"}],"wp:term":[{"taxonomy":"product_cat","embeddable":true,"href":"https:\/\/mabuko.co.mz\/site\/index.php?rest_route=%2Fwp%2Fv2%2Fproduct_cat&post=7824"},{"taxonomy":"product_tag","embeddable":true,"href":"https:\/\/mabuko.co.mz\/site\/index.php?rest_route=%2Fwp%2Fv2%2Fproduct_tag&post=7824"}],"curies":[{"name":"wp","href":"https:\/\/api.w.org\/{rel}","templated":true}]}}