{"id":7822,"date":"2022-11-28T08:15:29","date_gmt":"2022-11-28T08:15:29","guid":{"rendered":"https:\/\/mabuko.co.mz\/?post_type=product&#038;p=7822"},"modified":"2023-01-12T13:35:54","modified_gmt":"2023-01-12T13:35:54","slug":"o-senhor","status":"publish","type":"product","link":"https:\/\/mabuko.co.mz\/site\/?product=o-senhor","title":{"rendered":"O SENHOR"},"content":{"rendered":"<p>E L James<\/p>\n<p>9789892345567<\/p>\n","protected":false},"excerpt":{"rendered":"<p><strong>SINOPSE<\/strong><\/p>\n<p>Perca-se numa apaixonante hist\u00f3ria de amor.<br \/>\n<i style=\"font-weight: bold;\">O Senhor<\/i>\u00a0\u00e9 o electrizante novo romance de E.L. James, autora do fenomenal bestseller internacional As Cinquenta Sombras de Grey.<\/p>\n<p>Londres, 2019. A vida tem tratado bem Maxim Trevelyan. Com a sua beleza, dinheiro e rela\u00e7\u00f5es privilegiadas, nunca teve de trabalhar e raras vezes dormiu sozinho. Mas tudo isso muda quando na sequ\u00eancia de uma trag\u00e9dia ele herda a riqueza, as propriedades, e o t\u00edtulo nobili\u00e1rquico da fam\u00edlia, com toda a responsabilidade que essa heran\u00e7a acarreta. \u00c9 um papel para o qual n\u00e3o est\u00e1 preparado e que s\u00f3 a custo consegue enfrentar.<\/p>\n<p>Mas o seu maior desafio \u00e9 conter o desejo por uma jovem enigm\u00e1tica que inesperadamente chegou a Inglaterra, trazendo consigo pouco mais do que um passado perturbante e perigoso. T\u00edmida, linda de morrer e musicalmente sobredotada, ela revela-se misteriosamente tentadora. E o desejo que Maxim sente por ela transforma-se numa paix\u00e3o que nunca experimentou e nem sequer se atreve a nomear. Quem \u00e9 Alessia Demachi? E poder\u00e1 Maxim proteg\u00ea-la do mal que a amea\u00e7a? E o que far\u00e1 ela quando souber que tamb\u00e9m ele esconde segredos?<\/p>\n<p>Do cora\u00e7\u00e3o de Londres \u00e0s paisagens id\u00edlicas da Cornualha, passando pela rude beleza dos Balc\u00e3s,\u00a0<i>O Senhor<\/i>\u00a0\u00e9 uma montanha russa de perigo e desejo, que deixar\u00e1 o leitor sem f\u00f4lego at\u00e9 \u00e0 \u00faltima p\u00e1gina.<\/p>\n","protected":false},"featured_media":7823,"template":"","meta":{"_monsterinsights_skip_tracking":false,"_monsterinsights_sitenote_active":false,"_monsterinsights_sitenote_note":"","_monsterinsights_sitenote_category":0},"product_cat":[103],"product_tag":[],"class_list":{"0":"post-7822","1":"product","2":"type-product","3":"status-publish","4":"has-post-thumbnail","6":"product_cat-literatura","7":"pa_book-author-el-james","9":"first","10":"outofstock","11":"shipping-taxable","12":"purchasable","13":"product-type-simple"},"_links":{"self":[{"href":"https:\/\/mabuko.co.mz\/site\/index.php?rest_route=\/wp\/v2\/product\/7822","targetHints":{"allow":["GET"]}}],"collection":[{"href":"https:\/\/mabuko.co.mz\/site\/index.php?rest_route=\/wp\/v2\/product"}],"about":[{"href":"https:\/\/mabuko.co.mz\/site\/index.php?rest_route=\/wp\/v2\/types\/product"}],"wp:featuredmedia":[{"embeddable":true,"href":"https:\/\/mabuko.co.mz\/site\/index.php?rest_route=\/wp\/v2\/media\/7823"}],"wp:attachment":[{"href":"https:\/\/mabuko.co.mz\/site\/index.php?rest_route=%2Fwp%2Fv2%2Fmedia&parent=7822"}],"wp:term":[{"taxonomy":"product_cat","embeddable":true,"href":"https:\/\/mabuko.co.mz\/site\/index.php?rest_route=%2Fwp%2Fv2%2Fproduct_cat&post=7822"},{"taxonomy":"product_tag","embeddable":true,"href":"https:\/\/mabuko.co.mz\/site\/index.php?rest_route=%2Fwp%2Fv2%2Fproduct_tag&post=7822"}],"curies":[{"name":"wp","href":"https:\/\/api.w.org\/{rel}","templated":true}]}}