{"id":7819,"date":"2022-11-28T08:09:02","date_gmt":"2022-11-28T08:09:02","guid":{"rendered":"https:\/\/mabuko.co.mz\/?post_type=product&#038;p=7819"},"modified":"2023-01-12T13:36:34","modified_gmt":"2023-01-12T13:36:34","slug":"tarot-zen-um-jogo-transcendental-de-autodescoberta","status":"publish","type":"product","link":"https:\/\/mabuko.co.mz\/site\/?product=tarot-zen-um-jogo-transcendental-de-autodescoberta","title":{"rendered":"TAROT ZEN  Um Jogo Transcendental de Autodescoberta"},"content":{"rendered":"<p>Osho<\/p>\n<p>9789896876982<\/p>\n","protected":false},"excerpt":{"rendered":"<p><strong>SINOPSE<\/strong><\/p>\n<p>Quando a vida parece estar cheia de incertezas e inqueita\u00e7\u00e3o, temos a tend\u00eancia de procurar respostas imediatas: O que fazer? O que trar\u00e1 o futuro? O Tarot Zen de Osho desafia-o, pelo contr\u00e1rio, a permanecer no presente. Concentra-se no conhecimento que lhe permite, aqui e agora, viver melhor e evoluir como ser humano. As cartas ilustradas, baseadas no tarot de Marselha mas com um toque carater\u00edstcio da est\u00e9tica de Osho, mostram situa\u00e7\u00f5es e estados mentais que pode estar a vivenciar e que podem servir como instrumentos para a sua transforma\u00e7\u00e3o pessoal.<\/p>\n","protected":false},"featured_media":7821,"template":"","meta":{"_monsterinsights_skip_tracking":false,"_monsterinsights_sitenote_active":false,"_monsterinsights_sitenote_note":"","_monsterinsights_sitenote_category":0},"product_cat":[108],"product_tag":[],"class_list":{"0":"post-7819","1":"product","2":"type-product","3":"status-publish","4":"has-post-thumbnail","6":"product_cat-auto-ajuda","7":"pa_book-author-osho","9":"first","10":"outofstock","11":"shipping-taxable","12":"purchasable","13":"product-type-simple"},"_links":{"self":[{"href":"https:\/\/mabuko.co.mz\/site\/index.php?rest_route=\/wp\/v2\/product\/7819","targetHints":{"allow":["GET"]}}],"collection":[{"href":"https:\/\/mabuko.co.mz\/site\/index.php?rest_route=\/wp\/v2\/product"}],"about":[{"href":"https:\/\/mabuko.co.mz\/site\/index.php?rest_route=\/wp\/v2\/types\/product"}],"wp:featuredmedia":[{"embeddable":true,"href":"https:\/\/mabuko.co.mz\/site\/index.php?rest_route=\/wp\/v2\/media\/7821"}],"wp:attachment":[{"href":"https:\/\/mabuko.co.mz\/site\/index.php?rest_route=%2Fwp%2Fv2%2Fmedia&parent=7819"}],"wp:term":[{"taxonomy":"product_cat","embeddable":true,"href":"https:\/\/mabuko.co.mz\/site\/index.php?rest_route=%2Fwp%2Fv2%2Fproduct_cat&post=7819"},{"taxonomy":"product_tag","embeddable":true,"href":"https:\/\/mabuko.co.mz\/site\/index.php?rest_route=%2Fwp%2Fv2%2Fproduct_tag&post=7819"}],"curies":[{"name":"wp","href":"https:\/\/api.w.org\/{rel}","templated":true}]}}