{"id":7817,"date":"2022-11-28T08:02:44","date_gmt":"2022-11-28T08:02:44","guid":{"rendered":"https:\/\/mabuko.co.mz\/?post_type=product&#038;p=7817"},"modified":"2023-01-12T13:37:09","modified_gmt":"2023-01-12T13:37:09","slug":"emocoes","status":"publish","type":"product","link":"https:\/\/mabuko.co.mz\/site\/?product=emocoes","title":{"rendered":"EMO\u00c7\u00d5ES"},"content":{"rendered":"<p>Osho<\/p>\n<p>9789896876814<\/p>\n","protected":false},"excerpt":{"rendered":"<p><strong>SINOPSE<\/strong><\/p>\n<p>As emo\u00e7\u00f5es s\u00e3o como as ondas do mar: agitadas, revoltas, inquietas, impar\u00e1veis.<br \/>\nA consci\u00eancia \u00e9 o fundo do mar: tranquila, silenciosa, calma, quieta.<\/p>\n<p>Este \u00e9 um livro que o ensina a ir at\u00e9 ao fundo.<\/p>\n<p>Osho leva-nos a entender as ra\u00edzes das emo\u00e7\u00f5es e a desenvolver o h\u00e1bito de as observar em vez de as reprimir. \u00c9 assim que conseguimos control\u00e1-las, de modo que nem mesmo as situa\u00e7\u00f5es mais dif\u00edceis e delicadas conseguir\u00e3o tirar-nos do s\u00e9rio e fazer-nos sofrer.<\/p>\n","protected":false},"featured_media":7818,"template":"","meta":{"_monsterinsights_skip_tracking":false,"_monsterinsights_sitenote_active":false,"_monsterinsights_sitenote_note":"","_monsterinsights_sitenote_category":0},"product_cat":[108],"product_tag":[],"class_list":{"0":"post-7817","1":"product","2":"type-product","3":"status-publish","4":"has-post-thumbnail","6":"product_cat-auto-ajuda","7":"pa_book-author-osho","9":"first","10":"outofstock","11":"shipping-taxable","12":"purchasable","13":"product-type-simple"},"_links":{"self":[{"href":"https:\/\/mabuko.co.mz\/site\/index.php?rest_route=\/wp\/v2\/product\/7817","targetHints":{"allow":["GET"]}}],"collection":[{"href":"https:\/\/mabuko.co.mz\/site\/index.php?rest_route=\/wp\/v2\/product"}],"about":[{"href":"https:\/\/mabuko.co.mz\/site\/index.php?rest_route=\/wp\/v2\/types\/product"}],"wp:featuredmedia":[{"embeddable":true,"href":"https:\/\/mabuko.co.mz\/site\/index.php?rest_route=\/wp\/v2\/media\/7818"}],"wp:attachment":[{"href":"https:\/\/mabuko.co.mz\/site\/index.php?rest_route=%2Fwp%2Fv2%2Fmedia&parent=7817"}],"wp:term":[{"taxonomy":"product_cat","embeddable":true,"href":"https:\/\/mabuko.co.mz\/site\/index.php?rest_route=%2Fwp%2Fv2%2Fproduct_cat&post=7817"},{"taxonomy":"product_tag","embeddable":true,"href":"https:\/\/mabuko.co.mz\/site\/index.php?rest_route=%2Fwp%2Fv2%2Fproduct_tag&post=7817"}],"curies":[{"name":"wp","href":"https:\/\/api.w.org\/{rel}","templated":true}]}}