{"id":7813,"date":"2022-11-28T07:53:11","date_gmt":"2022-11-28T07:53:11","guid":{"rendered":"https:\/\/mabuko.co.mz\/?post_type=product&#038;p=7813"},"modified":"2023-01-12T13:38:56","modified_gmt":"2023-01-12T13:38:56","slug":"os-ensinamentos-de-confucio-a-sabedoria-antiga-no-mundo-actual","status":"publish","type":"product","link":"https:\/\/mabuko.co.mz\/site\/?product=os-ensinamentos-de-confucio-a-sabedoria-antiga-no-mundo-actual","title":{"rendered":"OS ENSINAMENTOS DE CONF\u00daCIO A sabedoria antiga no mundo actual"},"content":{"rendered":"<p>Yu Dan<\/p>\n<p>9789722342346<\/p>\n","protected":false},"excerpt":{"rendered":"<p><strong>SINOPSE<\/strong><\/p>\n<p>C\u00e9lebre fil\u00f3sofo chin\u00eas, Conf\u00facio foi o iniciador de uma corrente de pensamento que marcou profundamente a cultura e as institui\u00e7\u00f5es da China e de outros pa\u00edses da \u00c1sia Oriental. Nesta obra, Yu Dan faz uma interpreta\u00e7\u00e3o actual dos ensinamentos de Conf\u00facio restituindo-lhes a sua simplicidade original. Assim, dando \u00eanfase \u00e0 responsabilidade, \u00e0 benevol\u00eancia e \u00e0 humildade individuais, Yu Dan ajuda-nos a descobrir em Conf\u00facio orienta\u00e7\u00f5es que nos permitem, atrav\u00e9s de uma aplica\u00e7\u00e3o pr\u00e1tica, encontrar a felicidade espiritual, ajustar as nossas rotinas di\u00e1rias e compreender o mundo agitado em que vivemos e qual o nosso lugar nele.<\/p>\n","protected":false},"featured_media":7816,"template":"","meta":{"_monsterinsights_skip_tracking":false,"_monsterinsights_sitenote_active":false,"_monsterinsights_sitenote_note":"","_monsterinsights_sitenote_category":0},"product_cat":[108],"product_tag":[],"class_list":{"0":"post-7813","1":"product","2":"type-product","3":"status-publish","4":"has-post-thumbnail","6":"product_cat-auto-ajuda","7":"pa_book-author-yu-dan","9":"first","10":"outofstock","11":"shipping-taxable","12":"purchasable","13":"product-type-simple"},"_links":{"self":[{"href":"https:\/\/mabuko.co.mz\/site\/index.php?rest_route=\/wp\/v2\/product\/7813","targetHints":{"allow":["GET"]}}],"collection":[{"href":"https:\/\/mabuko.co.mz\/site\/index.php?rest_route=\/wp\/v2\/product"}],"about":[{"href":"https:\/\/mabuko.co.mz\/site\/index.php?rest_route=\/wp\/v2\/types\/product"}],"wp:featuredmedia":[{"embeddable":true,"href":"https:\/\/mabuko.co.mz\/site\/index.php?rest_route=\/wp\/v2\/media\/7816"}],"wp:attachment":[{"href":"https:\/\/mabuko.co.mz\/site\/index.php?rest_route=%2Fwp%2Fv2%2Fmedia&parent=7813"}],"wp:term":[{"taxonomy":"product_cat","embeddable":true,"href":"https:\/\/mabuko.co.mz\/site\/index.php?rest_route=%2Fwp%2Fv2%2Fproduct_cat&post=7813"},{"taxonomy":"product_tag","embeddable":true,"href":"https:\/\/mabuko.co.mz\/site\/index.php?rest_route=%2Fwp%2Fv2%2Fproduct_tag&post=7813"}],"curies":[{"name":"wp","href":"https:\/\/api.w.org\/{rel}","templated":true}]}}