{"id":7810,"date":"2022-11-28T06:57:49","date_gmt":"2022-11-28T06:57:49","guid":{"rendered":"https:\/\/mabuko.co.mz\/?post_type=product&#038;p=7810"},"modified":"2023-01-12T13:38:24","modified_gmt":"2023-01-12T13:38:24","slug":"a-crianca-e-o-choro-o-metodo-brazelton","status":"publish","type":"product","link":"https:\/\/mabuko.co.mz\/site\/?product=a-crianca-e-o-choro-o-metodo-brazelton","title":{"rendered":"A CRIAN\u00c7A E O CHORO O M\u00e9todo Brazelton"},"content":{"rendered":"<p>T. Berry Brazelton<\/p>\n<p>Joshua D. Sparrow<\/p>\n","protected":false},"excerpt":{"rendered":"<p><strong>SINOPSE<\/strong><\/p>\n<p>Sinopse: Brazelton e Sparrow, dois pediatras de reconhecimento internacional que t\u00eam vindo a trabalhar juntos h\u00e1 anos, reflectem nesta obra sobre os problemas comportamentais das crian\u00e7as que ocorrem nos primeiros anos de vida. Depois de O M\u00e9todo Brazelton \u2013 A Crian\u00e7a e a Disciplina esta s\u00e9rie de livros pr\u00e1ticos concentra-se especialmente na problem\u00e1tica do choro. Como reagir perante as birras, qual o grau de aten\u00e7\u00e3o que merecem, como lidar com o choro excessivo provocado pelo romper dos dentes, c\u00f3licas e muitas outras consequ\u00eancias ligadas ao crescimento. Neste manual os autores abordam o m\u00e9todo para ultrapassar esta fase dif\u00edcil dos primeiros anos atrav\u00e9s de informa\u00e7\u00f5es de grande utilidade para os pais. Indica\u00e7\u00f5es preciosas dos maiores especialistas em comportamento infantil.<\/p>\n","protected":false},"featured_media":7812,"template":"","meta":{"_monsterinsights_skip_tracking":false,"_monsterinsights_sitenote_active":false,"_monsterinsights_sitenote_note":"","_monsterinsights_sitenote_category":0},"product_cat":[233],"product_tag":[],"class_list":{"0":"post-7810","1":"product","2":"type-product","3":"status-publish","4":"has-post-thumbnail","6":"product_cat-livros-praticos","7":"pa_book-author-t-berry-brazelton","9":"first","10":"outofstock","11":"shipping-taxable","12":"purchasable","13":"product-type-simple"},"_links":{"self":[{"href":"https:\/\/mabuko.co.mz\/site\/index.php?rest_route=\/wp\/v2\/product\/7810","targetHints":{"allow":["GET"]}}],"collection":[{"href":"https:\/\/mabuko.co.mz\/site\/index.php?rest_route=\/wp\/v2\/product"}],"about":[{"href":"https:\/\/mabuko.co.mz\/site\/index.php?rest_route=\/wp\/v2\/types\/product"}],"wp:featuredmedia":[{"embeddable":true,"href":"https:\/\/mabuko.co.mz\/site\/index.php?rest_route=\/wp\/v2\/media\/7812"}],"wp:attachment":[{"href":"https:\/\/mabuko.co.mz\/site\/index.php?rest_route=%2Fwp%2Fv2%2Fmedia&parent=7810"}],"wp:term":[{"taxonomy":"product_cat","embeddable":true,"href":"https:\/\/mabuko.co.mz\/site\/index.php?rest_route=%2Fwp%2Fv2%2Fproduct_cat&post=7810"},{"taxonomy":"product_tag","embeddable":true,"href":"https:\/\/mabuko.co.mz\/site\/index.php?rest_route=%2Fwp%2Fv2%2Fproduct_tag&post=7810"}],"curies":[{"name":"wp","href":"https:\/\/api.w.org\/{rel}","templated":true}]}}