{"id":7801,"date":"2022-11-18T11:59:40","date_gmt":"2022-11-18T11:59:40","guid":{"rendered":"https:\/\/mabuko.co.mz\/?post_type=product&#038;p=7801"},"modified":"2023-01-12T13:40:10","modified_gmt":"2023-01-12T13:40:10","slug":"corpo-casa","status":"publish","type":"product","link":"https:\/\/mabuko.co.mz\/site\/?product=corpo-casa","title":{"rendered":"CORPO CASA"},"content":{"rendered":"<p>Rupi Kaur<\/p>\n<p>9789892351131<\/p>\n","protected":false},"excerpt":{"rendered":"<p><strong> SINOPSE<\/strong><\/p>\n<div class=\"collapse-container\">\n<div id=\"synopsis-toggle-collapse\" class=\"content right collapse in\" aria-expanded=\"true\">\n<p>Em corpo casa, rupi kaur conduz-nos numa viagem \u00edntima e ponderada ao passado, ao presente e ao potencial do nosso eu. \u00e9 um conjunto de conversas diretas e despojadas consigo mesma &#8211; e um apelo para que nos deixemos invadir pelo amor, para que nos deixemos envolver na aceita\u00e7\u00e3o, na comunidade, na fam\u00edlia e abracemos a mudan\u00e7a. moram nesta casa luzes e sombras, tudo aquilo com que nascemos, tudo aquilo que o mundo fez de n\u00f3s. com ilustra\u00e7\u00f5es da autora, este \u00e9 o terceiro livro de rupi kaur, o maior fen\u00f3meno mundial da poesia contempor\u00e2nea.<\/p>\n<p>mergulho no po\u00e7o do meu corpo<br \/>\ne acabo noutro mundo<br \/>\ntudo o que preciso<br \/>\nj\u00e1 existe em mim<br \/>\nn\u00e3o \u00e9 preciso<br \/>\nprocurar noutros lugares<br \/>\n&#8211; casa<\/p>\n<\/div>\n<\/div>\n<div class=\"collapse-container\">\n<p><span class=\"d-flex flex-column gap-30\">Em corpo casa, rupi kaur conduz-nos numa viagem \u00edntima e ponderada ao passado, ao presente e ao potencial do nosso eu. \u00e9 um conjunto de conversas diretas e despojadas consigo mesma &#8211; e um apelo para que nos deixemos invadir pelo amor, para que nos deixemos envolver na aceita\u00e7\u00e3o, na comunidade, na fam\u00edlia e abracemos a mudan\u00e7a. moram nesta casa luzes e sombras, tudo aquilo com que nascemos, tudo aquilo que o mundo fez de n\u00f3s. com ilustra\u00e7\u00f5es da autora, este \u00e9 o terceiro livro de rupi kaur, o maior fen\u00f3meno mundial da poesia contempor\u00e2nea.<\/span><\/p>\n<p>mergulho no po\u00e7o do meu corpo<br \/>\ne acabo noutro mundo<br \/>\ntudo o que preciso<br \/>\nj\u00e1 existe em mim<br \/>\nn\u00e3o \u00e9 preciso<br \/>\nprocurar noutros lugares<br \/>\n&#8211; casa<\/p>\n<\/div>\n","protected":false},"featured_media":7802,"template":"","meta":{"_monsterinsights_skip_tracking":false,"_monsterinsights_sitenote_active":false,"_monsterinsights_sitenote_note":"","_monsterinsights_sitenote_category":0},"product_cat":[170],"product_tag":[],"class_list":{"0":"post-7801","1":"product","2":"type-product","3":"status-publish","4":"has-post-thumbnail","6":"product_cat-poesia","7":"pa_book-author-rupi-kaur","9":"first","10":"outofstock","11":"shipping-taxable","12":"purchasable","13":"product-type-simple"},"_links":{"self":[{"href":"https:\/\/mabuko.co.mz\/site\/index.php?rest_route=\/wp\/v2\/product\/7801","targetHints":{"allow":["GET"]}}],"collection":[{"href":"https:\/\/mabuko.co.mz\/site\/index.php?rest_route=\/wp\/v2\/product"}],"about":[{"href":"https:\/\/mabuko.co.mz\/site\/index.php?rest_route=\/wp\/v2\/types\/product"}],"wp:featuredmedia":[{"embeddable":true,"href":"https:\/\/mabuko.co.mz\/site\/index.php?rest_route=\/wp\/v2\/media\/7802"}],"wp:attachment":[{"href":"https:\/\/mabuko.co.mz\/site\/index.php?rest_route=%2Fwp%2Fv2%2Fmedia&parent=7801"}],"wp:term":[{"taxonomy":"product_cat","embeddable":true,"href":"https:\/\/mabuko.co.mz\/site\/index.php?rest_route=%2Fwp%2Fv2%2Fproduct_cat&post=7801"},{"taxonomy":"product_tag","embeddable":true,"href":"https:\/\/mabuko.co.mz\/site\/index.php?rest_route=%2Fwp%2Fv2%2Fproduct_tag&post=7801"}],"curies":[{"name":"wp","href":"https:\/\/api.w.org\/{rel}","templated":true}]}}