{"id":7799,"date":"2022-11-18T11:54:43","date_gmt":"2022-11-18T11:54:43","guid":{"rendered":"https:\/\/mabuko.co.mz\/?post_type=product&#038;p=7799"},"modified":"2023-01-12T13:40:55","modified_gmt":"2023-01-12T13:40:55","slug":"os-filhos-da-droga","status":"publish","type":"product","link":"https:\/\/mabuko.co.mz\/site\/?product=os-filhos-da-droga","title":{"rendered":"OS FILHOS DA DROGA"},"content":{"rendered":"<p>Christiane F.<\/p>\n<p>9789725304815<\/p>\n","protected":false},"excerpt":{"rendered":"<p><strong>SINOPSE<\/strong><\/p>\n<p>Este testemunho impressionante tem tido um impacto imenso por todo o mundo desde que foi publicado pela primeira vez. O relato desta adolescente sens\u00edvel e inteligente, que menos de dois anos ap\u00f3s ter fumado o seu primeiro \u00abcharro\u00bb se prostitui depois das aulas para pagar a sua dose di\u00e1ria de hero\u00edna, e o pungente testemunho da sua m\u00e3e fazem de\u00a0<i>Os Filhos da Droga<\/i>\u00a0um livro sem paralelo. Estas p\u00e1ginas ensinam-nos muito, n\u00e3o apenas sobre a droga e o desespero, mas tamb\u00e9m sobre a deteriora\u00e7\u00e3o do mundo de hoje.<\/p>\n","protected":false},"featured_media":7800,"template":"","meta":{"_monsterinsights_skip_tracking":false,"_monsterinsights_sitenote_active":false,"_monsterinsights_sitenote_note":"","_monsterinsights_sitenote_category":0},"product_cat":[103],"product_tag":[],"class_list":{"0":"post-7799","1":"product","2":"type-product","3":"status-publish","4":"has-post-thumbnail","6":"product_cat-literatura","7":"pa_book-author-christiane-f","9":"first","10":"outofstock","11":"shipping-taxable","12":"purchasable","13":"product-type-simple"},"_links":{"self":[{"href":"https:\/\/mabuko.co.mz\/site\/index.php?rest_route=\/wp\/v2\/product\/7799","targetHints":{"allow":["GET"]}}],"collection":[{"href":"https:\/\/mabuko.co.mz\/site\/index.php?rest_route=\/wp\/v2\/product"}],"about":[{"href":"https:\/\/mabuko.co.mz\/site\/index.php?rest_route=\/wp\/v2\/types\/product"}],"wp:featuredmedia":[{"embeddable":true,"href":"https:\/\/mabuko.co.mz\/site\/index.php?rest_route=\/wp\/v2\/media\/7800"}],"wp:attachment":[{"href":"https:\/\/mabuko.co.mz\/site\/index.php?rest_route=%2Fwp%2Fv2%2Fmedia&parent=7799"}],"wp:term":[{"taxonomy":"product_cat","embeddable":true,"href":"https:\/\/mabuko.co.mz\/site\/index.php?rest_route=%2Fwp%2Fv2%2Fproduct_cat&post=7799"},{"taxonomy":"product_tag","embeddable":true,"href":"https:\/\/mabuko.co.mz\/site\/index.php?rest_route=%2Fwp%2Fv2%2Fproduct_tag&post=7799"}],"curies":[{"name":"wp","href":"https:\/\/api.w.org\/{rel}","templated":true}]}}