{"id":7797,"date":"2022-11-18T11:47:21","date_gmt":"2022-11-18T11:47:21","guid":{"rendered":"https:\/\/mabuko.co.mz\/?post_type=product&#038;p=7797"},"modified":"2023-01-12T12:07:40","modified_gmt":"2023-01-12T12:07:40","slug":"a-minha-segunda-vida","status":"publish","type":"product","link":"https:\/\/mabuko.co.mz\/site\/?product=a-minha-segunda-vida","title":{"rendered":"A MINHA SEGUNDA VIDA"},"content":{"rendered":"<p>Sonja Vukovic<strong>\u00a0<\/strong><\/p>\n<p>Christiane F.<\/p>\n<p>9789725305409<\/p>\n","protected":false},"excerpt":{"rendered":"<p><strong>SINOPSE<\/strong><\/p>\n<p>A vida de Christiane F. deu a volta ao mundo. Milh\u00f5es de jovens cresceram com as confiss\u00f5es tr\u00e1gicas desta adolescente alem\u00e3, de 13 anos, drogada, prostituta. E depois? Qual foi o seu destino? Sem subterf\u00fagios, tendo como pano de fundo o mundo da droga e as rela\u00e7\u00f5es que se estabelecem, aquela que o mundo conhece como Christiane F. conta tudo neste livro, com uma franqueza surpreendente.<\/p>\n","protected":false},"featured_media":7798,"template":"","meta":{"_monsterinsights_skip_tracking":false,"_monsterinsights_sitenote_active":false,"_monsterinsights_sitenote_note":"","_monsterinsights_sitenote_category":0},"product_cat":[103],"product_tag":[],"class_list":{"0":"post-7797","1":"product","2":"type-product","3":"status-publish","4":"has-post-thumbnail","6":"product_cat-literatura","7":"pa_book-author-christiane-f","8":"pa_book-author-sonja-vukovic","10":"first","11":"outofstock","12":"shipping-taxable","13":"purchasable","14":"product-type-simple"},"_links":{"self":[{"href":"https:\/\/mabuko.co.mz\/site\/index.php?rest_route=\/wp\/v2\/product\/7797","targetHints":{"allow":["GET"]}}],"collection":[{"href":"https:\/\/mabuko.co.mz\/site\/index.php?rest_route=\/wp\/v2\/product"}],"about":[{"href":"https:\/\/mabuko.co.mz\/site\/index.php?rest_route=\/wp\/v2\/types\/product"}],"wp:featuredmedia":[{"embeddable":true,"href":"https:\/\/mabuko.co.mz\/site\/index.php?rest_route=\/wp\/v2\/media\/7798"}],"wp:attachment":[{"href":"https:\/\/mabuko.co.mz\/site\/index.php?rest_route=%2Fwp%2Fv2%2Fmedia&parent=7797"}],"wp:term":[{"taxonomy":"product_cat","embeddable":true,"href":"https:\/\/mabuko.co.mz\/site\/index.php?rest_route=%2Fwp%2Fv2%2Fproduct_cat&post=7797"},{"taxonomy":"product_tag","embeddable":true,"href":"https:\/\/mabuko.co.mz\/site\/index.php?rest_route=%2Fwp%2Fv2%2Fproduct_tag&post=7797"}],"curies":[{"name":"wp","href":"https:\/\/api.w.org\/{rel}","templated":true}]}}