{"id":7794,"date":"2022-11-18T10:23:30","date_gmt":"2022-11-18T10:23:30","guid":{"rendered":"https:\/\/mabuko.co.mz\/?post_type=product&#038;p=7794"},"modified":"2023-01-12T12:15:30","modified_gmt":"2023-01-12T12:15:30","slug":"mil-vezes-adeus","status":"publish","type":"product","link":"https:\/\/mabuko.co.mz\/site\/?product=mil-vezes-adeus","title":{"rendered":"MIL VEZES ADEUS"},"content":{"rendered":"<p>John Green<\/p>\n<p>9789892340753<\/p>\n","protected":false},"excerpt":{"rendered":"<p><strong>SINOPSE<\/strong><\/p>\n<p>N\u00e3o era inten\u00e7\u00e3o de Aza, uma jovem de dezasseis anos, investigar o enigm\u00e1tico desaparecimento do bilion\u00e1rio Russell Pickett. Mas est\u00e3o em jogo uma recompensa de cem mil d\u00f3lares e a vontade da sua melhor amiga Daisy, que se sente fascinada pelo mist\u00e9rio. Juntas, ir\u00e3o transpor a dist\u00e2ncia (t\u00e3o curta, e no entanto t\u00e3o vasta) que as separa de Davis, o filho do desaparecido. Mas Aza debate-se tamb\u00e9m com as suas batalhas interiores. Por mais que tente ser uma boa filha, amiga, aluna, e qui\u00e7\u00e1 detective, tem de lidar diariamente com as suas penosas e asfixiantes espirais de pensamentos. Como pode ser uma boa amiga se est\u00e1 constantemente a p\u00f4r entraves \u00e0s aventuras que lhe surgem no caminho? Como pode ser uma boa filha se \u00e9 incapaz de exprimir o que sente \u00e0 m\u00e3e? Como pode ser uma boa namorada se, em vez de desfrutar de um beijo, s\u00f3 consegue pensar nos milh\u00f5es de bact\u00e9rias que as suas bocas partilham? Neste t\u00e3o aguardado regresso, John Green, autor premiado de A Culpa \u00c9 Das Estrelas e \u00c0 Procura de Alaska conta, com dolorosa intensidade, a hist\u00f3ria de Aza, numa tentativa de partilhar connosco os dramas da doen\u00e7a que o afecta desde a inf\u00e2ncia. O resultado \u00e9 um romance brilhante sobre o amor, a resili\u00eancia, e o poder da amizade.<\/p>\n","protected":false},"featured_media":7795,"template":"","meta":{"_monsterinsights_skip_tracking":false,"_monsterinsights_sitenote_active":false,"_monsterinsights_sitenote_note":"","_monsterinsights_sitenote_category":0},"product_cat":[105],"product_tag":[],"class_list":{"0":"post-7794","1":"product","2":"type-product","3":"status-publish","4":"has-post-thumbnail","6":"product_cat-romance","7":"pa_book-author-john-green","9":"first","10":"outofstock","11":"shipping-taxable","12":"purchasable","13":"product-type-simple"},"_links":{"self":[{"href":"https:\/\/mabuko.co.mz\/site\/index.php?rest_route=\/wp\/v2\/product\/7794","targetHints":{"allow":["GET"]}}],"collection":[{"href":"https:\/\/mabuko.co.mz\/site\/index.php?rest_route=\/wp\/v2\/product"}],"about":[{"href":"https:\/\/mabuko.co.mz\/site\/index.php?rest_route=\/wp\/v2\/types\/product"}],"wp:featuredmedia":[{"embeddable":true,"href":"https:\/\/mabuko.co.mz\/site\/index.php?rest_route=\/wp\/v2\/media\/7795"}],"wp:attachment":[{"href":"https:\/\/mabuko.co.mz\/site\/index.php?rest_route=%2Fwp%2Fv2%2Fmedia&parent=7794"}],"wp:term":[{"taxonomy":"product_cat","embeddable":true,"href":"https:\/\/mabuko.co.mz\/site\/index.php?rest_route=%2Fwp%2Fv2%2Fproduct_cat&post=7794"},{"taxonomy":"product_tag","embeddable":true,"href":"https:\/\/mabuko.co.mz\/site\/index.php?rest_route=%2Fwp%2Fv2%2Fproduct_tag&post=7794"}],"curies":[{"name":"wp","href":"https:\/\/api.w.org\/{rel}","templated":true}]}}