{"id":7791,"date":"2022-11-18T10:00:26","date_gmt":"2022-11-18T10:00:26","guid":{"rendered":"https:\/\/mabuko.co.mz\/?post_type=product&#038;p=7791"},"modified":"2023-01-13T13:12:44","modified_gmt":"2023-01-13T13:12:44","slug":"conduz-o-teu-arado-sobre-os-ossos-dos-mortos","status":"publish","type":"product","link":"https:\/\/mabuko.co.mz\/site\/?product=conduz-o-teu-arado-sobre-os-ossos-dos-mortos","title":{"rendered":"CONDUZ O TEU ARADO SOBRE OS OSSOS DOS MORTOS"},"content":{"rendered":"<p>Olga Tokarczuk<\/p>\n<p>9789896686673<\/p>\n","protected":false},"excerpt":{"rendered":"<p><strong>SINOPSE<\/strong><\/p>\n<p>Numa remota aldeia polaca, a exc\u00eantrica Janina Duszejko, professora reformada, divide os seus dias a traduzir a poesia de William Blake e a observar os sinais da astrologia, fazendo por manter-se afastada das pessoas e pr\u00f3xima dos animais, cuja companhia prefere; mas a pacatez dos seus dias v\u00ea-se interrompida quando come\u00e7am a aparecer mortos v\u00e1rios membros do clube de ca\u00e7a local. Certa de encontrar respostas, Janina decide lan\u00e7ar-se na investiga\u00e7\u00e3o do caso, chegando a uma estranha teoria que espalhar\u00e1 o terror pela comunidade.<\/p>\n<p>Sob a m\u00e1scara de policial noir ou f\u00e1bula macabra,\u00a0<i>Conduz o Teu Arado Sobre os Ossos dos Mortos<\/i>\u00a0\u00e9 um romance mordaz e desconcertante que questiona a nossa posi\u00e7\u00e3o acerca dos direitos dos animais e responsabilidade sobre a natureza, bem como todas as ideias preconcebidas sobre a loucura, a justi\u00e7a e a tradi\u00e7\u00e3o.<\/p>\n","protected":false},"featured_media":7793,"template":"","meta":{"_monsterinsights_skip_tracking":false,"_monsterinsights_sitenote_active":false,"_monsterinsights_sitenote_note":"","_monsterinsights_sitenote_category":0},"product_cat":[103],"product_tag":[],"class_list":{"0":"post-7791","1":"product","2":"type-product","3":"status-publish","4":"has-post-thumbnail","6":"product_cat-literatura","7":"pa_book-author-olga-tokarczuk","9":"first","10":"outofstock","11":"shipping-taxable","12":"purchasable","13":"product-type-simple"},"_links":{"self":[{"href":"https:\/\/mabuko.co.mz\/site\/index.php?rest_route=\/wp\/v2\/product\/7791","targetHints":{"allow":["GET"]}}],"collection":[{"href":"https:\/\/mabuko.co.mz\/site\/index.php?rest_route=\/wp\/v2\/product"}],"about":[{"href":"https:\/\/mabuko.co.mz\/site\/index.php?rest_route=\/wp\/v2\/types\/product"}],"wp:featuredmedia":[{"embeddable":true,"href":"https:\/\/mabuko.co.mz\/site\/index.php?rest_route=\/wp\/v2\/media\/7793"}],"wp:attachment":[{"href":"https:\/\/mabuko.co.mz\/site\/index.php?rest_route=%2Fwp%2Fv2%2Fmedia&parent=7791"}],"wp:term":[{"taxonomy":"product_cat","embeddable":true,"href":"https:\/\/mabuko.co.mz\/site\/index.php?rest_route=%2Fwp%2Fv2%2Fproduct_cat&post=7791"},{"taxonomy":"product_tag","embeddable":true,"href":"https:\/\/mabuko.co.mz\/site\/index.php?rest_route=%2Fwp%2Fv2%2Fproduct_tag&post=7791"}],"curies":[{"name":"wp","href":"https:\/\/api.w.org\/{rel}","templated":true}]}}