{"id":7786,"date":"2022-11-18T09:32:25","date_gmt":"2022-11-18T09:32:25","guid":{"rendered":"https:\/\/mabuko.co.mz\/?post_type=product&#038;p=7786"},"modified":"2023-01-12T12:18:50","modified_gmt":"2023-01-12T12:18:50","slug":"a-amiga-genial","status":"publish","type":"product","link":"https:\/\/mabuko.co.mz\/site\/?product=a-amiga-genial","title":{"rendered":"A AMIGA GENIAL"},"content":{"rendered":"<p>Elena Ferrante<\/p>\n<p>978989641795<\/p>\n","protected":false},"excerpt":{"rendered":"<p><strong>SINOPSE<\/strong><\/p>\n<p>A Amiga Genial&#8221; \u00e9 a hist\u00f3ria de um encontro entre duas crian\u00e7as de um bairro popular nos arredores de N\u00e1poles e da sua amizade adolescente. Elena conhece a sua amiga na primeira classe. Prov\u00eam ambas de fam\u00edlias remediadas. O pai de Elena trabalha como porteiro na c\u00e2mara municipal, o de Lila Cerullo \u00e9 sapateiro.Lila \u00e9 bravia, sagaz, corajosa nas palavras e nas ac\u00e7\u00f5es. Tem resposta pronta para tudo e age com uma determina\u00e7\u00e3o que a pacata e estudiosa Elena inveja.Quando a desajeitada Lila se transforma numa adolescente que fascina os rapazes do bairro, Elena continua a procurar nela a sua inspira\u00e7\u00e3o.O percurso de ambas separa-se quando, ao contr\u00e1rio de Lila, Elena continua os estudos liceais e Lila tem de lutar por si e pela sua fam\u00edlia no bairro onde vive. Mas a sua amizade prossegue.&#8221;A Amiga Genial&#8221; tem o andamento de uma grande narrativa popular, densa, veloz e desconcertante, ligeira e profunda, mostrando os conflitos familiares e amorosos numa sucess\u00e3o de epis\u00f3dios que os leitores desejariam que nunca acabasse.<\/p>\n","protected":false},"featured_media":7788,"template":"","meta":{"_monsterinsights_skip_tracking":false,"_monsterinsights_sitenote_active":false,"_monsterinsights_sitenote_note":"","_monsterinsights_sitenote_category":0},"product_cat":[105],"product_tag":[],"class_list":{"0":"post-7786","1":"product","2":"type-product","3":"status-publish","4":"has-post-thumbnail","6":"product_cat-romance","7":"pa_book-author-elena-ferrante","9":"first","10":"outofstock","11":"shipping-taxable","12":"purchasable","13":"product-type-simple"},"_links":{"self":[{"href":"https:\/\/mabuko.co.mz\/site\/index.php?rest_route=\/wp\/v2\/product\/7786","targetHints":{"allow":["GET"]}}],"collection":[{"href":"https:\/\/mabuko.co.mz\/site\/index.php?rest_route=\/wp\/v2\/product"}],"about":[{"href":"https:\/\/mabuko.co.mz\/site\/index.php?rest_route=\/wp\/v2\/types\/product"}],"wp:featuredmedia":[{"embeddable":true,"href":"https:\/\/mabuko.co.mz\/site\/index.php?rest_route=\/wp\/v2\/media\/7788"}],"wp:attachment":[{"href":"https:\/\/mabuko.co.mz\/site\/index.php?rest_route=%2Fwp%2Fv2%2Fmedia&parent=7786"}],"wp:term":[{"taxonomy":"product_cat","embeddable":true,"href":"https:\/\/mabuko.co.mz\/site\/index.php?rest_route=%2Fwp%2Fv2%2Fproduct_cat&post=7786"},{"taxonomy":"product_tag","embeddable":true,"href":"https:\/\/mabuko.co.mz\/site\/index.php?rest_route=%2Fwp%2Fv2%2Fproduct_tag&post=7786"}],"curies":[{"name":"wp","href":"https:\/\/api.w.org\/{rel}","templated":true}]}}