{"id":7777,"date":"2022-11-18T08:40:25","date_gmt":"2022-11-18T08:40:25","guid":{"rendered":"https:\/\/mabuko.co.mz\/?post_type=product&#038;p=7777"},"modified":"2023-01-12T12:24:21","modified_gmt":"2023-01-12T12:24:21","slug":"a-coragem-de-cilka","status":"publish","type":"product","link":"https:\/\/mabuko.co.mz\/site\/?product=a-coragem-de-cilka","title":{"rendered":"A CORAGEM DE CILKA"},"content":{"rendered":"<p>Heather Morris<\/p>\n<p>9789722365024<\/p>\n","protected":false},"excerpt":{"rendered":"<p><strong>SINOPSE<\/strong><\/p>\n<p>Em 1942, com apenas 16 anos, Cilka Klein \u00e9 levada para o campo de concentra\u00e7\u00e3o de Auschwitz-Birkenau. O comandante do campo, Johann Schwarzhuber, sente-se de imediato atra\u00eddo pela beleza dos seus longos cabelos e decide separ\u00e1-la das outras prisioneiras. Cilka depressa aprende que o poder pode ditar a sobreviv\u00eancia.<\/p>\n<p>Ap\u00f3s a liberta\u00e7\u00e3o, Cilka acaba por ser condenada pelos russos por ter colaborado com os nazis e \u00e9 enviada para Vorkuta, um desolado e horrendo campo de trabalhos for\u00e7ados na Sib\u00e9ria, no C\u00edrculo Polar \u00c1rtico. Inocente, mas de novo prisioneira, Cilka enfrenta novos desafios, igualmente aterradores, numa batalha di\u00e1ria pela sobreviv\u00eancia. Trava amizade com uma m\u00e9dica de Vorkuta e aprende a cuidar dos prisioneiros doentes esfor\u00e7ando-se para tratar deles, sob condi\u00e7\u00f5es inimagin\u00e1veis. Mas \u00e9 ao cuidar de um homem chamado Aleksandr que Cilka descobre que, apesar de tudo, ainda h\u00e1 espa\u00e7o no seu cora\u00e7\u00e3o para o amor.<\/p>\n<p>Baseado em factos conhecidos sobre o per\u00edodo em que Cilka Klein esteve detida em Auschwitz e nos testemunhos de prisioneiras nos campos de trabalhos for\u00e7ados na Sib\u00e9ria,\u00a0<i>A Coragem de Cilka<\/i>\u00a0\u00e9 a continua\u00e7\u00e3o da narrativa do bestseller internacional\u00a0<i>O Tatuador de Auschwitz<\/i>. \u00c9 uma obra de cortar o f\u00f4lego, uma poderosa homenagem ao triunfo da resili\u00eancia, um romance que nos leva \u00e0s l\u00e1grimas. Mas \u00e9 tamb\u00e9m uma hist\u00f3ria que nos deixa estarrecidos e encorajados pela feroz determina\u00e7\u00e3o de uma mulher que, contra todas as probabilidades, sobreviveu.<\/p>\n","protected":false},"featured_media":7778,"template":"","meta":{"_monsterinsights_skip_tracking":false,"_monsterinsights_sitenote_active":false,"_monsterinsights_sitenote_note":"","_monsterinsights_sitenote_category":0},"product_cat":[105],"product_tag":[],"class_list":{"0":"post-7777","1":"product","2":"type-product","3":"status-publish","4":"has-post-thumbnail","6":"product_cat-romance","7":"pa_book-author-heather-morris","9":"first","10":"outofstock","11":"shipping-taxable","12":"purchasable","13":"product-type-simple"},"_links":{"self":[{"href":"https:\/\/mabuko.co.mz\/site\/index.php?rest_route=\/wp\/v2\/product\/7777","targetHints":{"allow":["GET"]}}],"collection":[{"href":"https:\/\/mabuko.co.mz\/site\/index.php?rest_route=\/wp\/v2\/product"}],"about":[{"href":"https:\/\/mabuko.co.mz\/site\/index.php?rest_route=\/wp\/v2\/types\/product"}],"wp:featuredmedia":[{"embeddable":true,"href":"https:\/\/mabuko.co.mz\/site\/index.php?rest_route=\/wp\/v2\/media\/7778"}],"wp:attachment":[{"href":"https:\/\/mabuko.co.mz\/site\/index.php?rest_route=%2Fwp%2Fv2%2Fmedia&parent=7777"}],"wp:term":[{"taxonomy":"product_cat","embeddable":true,"href":"https:\/\/mabuko.co.mz\/site\/index.php?rest_route=%2Fwp%2Fv2%2Fproduct_cat&post=7777"},{"taxonomy":"product_tag","embeddable":true,"href":"https:\/\/mabuko.co.mz\/site\/index.php?rest_route=%2Fwp%2Fv2%2Fproduct_tag&post=7777"}],"curies":[{"name":"wp","href":"https:\/\/api.w.org\/{rel}","templated":true}]}}