{"id":7775,"date":"2022-11-18T08:28:36","date_gmt":"2022-11-18T08:28:36","guid":{"rendered":"https:\/\/mabuko.co.mz\/?post_type=product&#038;p=7775"},"modified":"2023-01-12T12:25:28","modified_gmt":"2023-01-12T12:25:28","slug":"o-primeiro-ano","status":"publish","type":"product","link":"https:\/\/mabuko.co.mz\/site\/?product=o-primeiro-ano","title":{"rendered":"O PRIMEIRO ANO"},"content":{"rendered":"<p>Nora Roberts<\/p>\n<p>9789897104664<\/p>\n","protected":false},"excerpt":{"rendered":"<p><strong>SINOPSE<\/strong><\/p>\n<p>Com uma gota de sangue, o mundo como o conhecemos perdeu-se para sempre. No seu lugar come\u00e7a algo extraordin\u00e1rio\u2026<\/p>\n<p>Chamam-lhe Flagelo &#8211; uma pandemia mortal que come\u00e7a numa fria v\u00e9spera de ano novo na zona rural da Esc\u00f3cia. A doen\u00e7a surgiu de repente e disseminou-se rapidamente. Poucas semanas depois, a rede el\u00e9trica falhou, a lei e o governo colapsaram, e mais de metade da popula\u00e7\u00e3o mundial foi dizimada. Enquanto as pessoas adoecem e morrem, o terror e a loucura estendem-se por todo o planeta.<\/p>\n<p>Mas entre as ru\u00ednas e o caos h\u00e1 uma centelha de esperan\u00e7a: um grupo de sobreviventes aparentemente imunes ao v\u00edrus inicia uma viagem em dire\u00e7\u00e3o ao esconhecido. Ningu\u00e9m sabe como terminar\u00e1, nem se haver\u00e1 sobreviventes. A \u00fanica coisa que se sabe \u00e9 que alguns deles desenvolveram estranhos poderes que talvez os possam ajudar a instaurar uma nova ordem. Porque se o mundo antigo chegou ao fim, o que se segue \u00e9 um novo come\u00e7o. Come\u00e7a agora o Primeiro Ano.<\/p>\n","protected":false},"featured_media":7776,"template":"","meta":{"_monsterinsights_skip_tracking":false,"_monsterinsights_sitenote_active":false,"_monsterinsights_sitenote_note":"","_monsterinsights_sitenote_category":0},"product_cat":[105],"product_tag":[],"class_list":{"0":"post-7775","1":"product","2":"type-product","3":"status-publish","4":"has-post-thumbnail","6":"product_cat-romance","7":"pa_book-author-nora-roberts","9":"first","10":"outofstock","11":"shipping-taxable","12":"purchasable","13":"product-type-simple"},"_links":{"self":[{"href":"https:\/\/mabuko.co.mz\/site\/index.php?rest_route=\/wp\/v2\/product\/7775","targetHints":{"allow":["GET"]}}],"collection":[{"href":"https:\/\/mabuko.co.mz\/site\/index.php?rest_route=\/wp\/v2\/product"}],"about":[{"href":"https:\/\/mabuko.co.mz\/site\/index.php?rest_route=\/wp\/v2\/types\/product"}],"wp:featuredmedia":[{"embeddable":true,"href":"https:\/\/mabuko.co.mz\/site\/index.php?rest_route=\/wp\/v2\/media\/7776"}],"wp:attachment":[{"href":"https:\/\/mabuko.co.mz\/site\/index.php?rest_route=%2Fwp%2Fv2%2Fmedia&parent=7775"}],"wp:term":[{"taxonomy":"product_cat","embeddable":true,"href":"https:\/\/mabuko.co.mz\/site\/index.php?rest_route=%2Fwp%2Fv2%2Fproduct_cat&post=7775"},{"taxonomy":"product_tag","embeddable":true,"href":"https:\/\/mabuko.co.mz\/site\/index.php?rest_route=%2Fwp%2Fv2%2Fproduct_tag&post=7775"}],"curies":[{"name":"wp","href":"https:\/\/api.w.org\/{rel}","templated":true}]}}