{"id":7770,"date":"2022-11-18T07:59:40","date_gmt":"2022-11-18T07:59:40","guid":{"rendered":"https:\/\/mabuko.co.mz\/?post_type=product&#038;p=7770"},"modified":"2023-01-12T12:27:16","modified_gmt":"2023-01-12T12:27:16","slug":"l-a-confidential","status":"publish","type":"product","link":"https:\/\/mabuko.co.mz\/site\/?product=l-a-confidential","title":{"rendered":"L.A. CONFIDENTIAL"},"content":{"rendered":"<p>James Ellroy<\/p>\n<p>9789722345682<\/p>\n","protected":false},"excerpt":{"rendered":"<p><strong>SINOPSE<\/strong><\/p>\n<p>Los Angeles nos anos 50: o glamour, as festas fabulosas e a agita\u00e7\u00e3o nocturna escondem um submundo dominado por corrup\u00e7\u00e3o, crime organizado, tr\u00e1fico de droga, viol\u00eancia e sexo. Quando o caf\u00e9 Mocho da Noite se torna palco de um homic\u00eddio em massa, tr\u00eas pol\u00edcias v\u00eaem-se enredados numa teia da qual poder\u00e3o n\u00e3o sair vivos. \u00c0 medida que o pesadelo se adensa, a sua lealdade e coragem ser\u00e1 testada at\u00e9 ao limite, num romance que conheceu em 1997 uma vers\u00e3o cinematogr\u00e1fica e que \u00e9 considerado por muitos a obra-prima de James Ellroy.<\/p>\n","protected":false},"featured_media":7774,"template":"","meta":{"_monsterinsights_skip_tracking":false,"_monsterinsights_sitenote_active":false,"_monsterinsights_sitenote_note":"","_monsterinsights_sitenote_category":0},"product_cat":[103],"product_tag":[],"class_list":{"0":"post-7770","1":"product","2":"type-product","3":"status-publish","4":"has-post-thumbnail","6":"product_cat-literatura","7":"pa_book-author-james-ellroy","9":"first","10":"outofstock","11":"shipping-taxable","12":"purchasable","13":"product-type-simple"},"_links":{"self":[{"href":"https:\/\/mabuko.co.mz\/site\/index.php?rest_route=\/wp\/v2\/product\/7770","targetHints":{"allow":["GET"]}}],"collection":[{"href":"https:\/\/mabuko.co.mz\/site\/index.php?rest_route=\/wp\/v2\/product"}],"about":[{"href":"https:\/\/mabuko.co.mz\/site\/index.php?rest_route=\/wp\/v2\/types\/product"}],"wp:featuredmedia":[{"embeddable":true,"href":"https:\/\/mabuko.co.mz\/site\/index.php?rest_route=\/wp\/v2\/media\/7774"}],"wp:attachment":[{"href":"https:\/\/mabuko.co.mz\/site\/index.php?rest_route=%2Fwp%2Fv2%2Fmedia&parent=7770"}],"wp:term":[{"taxonomy":"product_cat","embeddable":true,"href":"https:\/\/mabuko.co.mz\/site\/index.php?rest_route=%2Fwp%2Fv2%2Fproduct_cat&post=7770"},{"taxonomy":"product_tag","embeddable":true,"href":"https:\/\/mabuko.co.mz\/site\/index.php?rest_route=%2Fwp%2Fv2%2Fproduct_tag&post=7770"}],"curies":[{"name":"wp","href":"https:\/\/api.w.org\/{rel}","templated":true}]}}