{"id":7757,"date":"2022-11-17T12:41:25","date_gmt":"2022-11-17T12:41:25","guid":{"rendered":"https:\/\/mabuko.co.mz\/?post_type=product&#038;p=7757"},"modified":"2024-08-22T10:11:43","modified_gmt":"2024-08-22T10:11:43","slug":"o-recife","status":"publish","type":"product","link":"https:\/\/mabuko.co.mz\/site\/?product=o-recife","title":{"rendered":"O RECIFE"},"content":{"rendered":"<p>Nora Roberts<\/p>\n<p>9789898032607<\/p>\n","protected":false},"excerpt":{"rendered":"<p><strong>SINOPSE<\/strong><\/p>\n<p>A arque\u00f3loga marinha, Tate Beaumont, \u00e9 apaixonada pela ca\u00e7a ao tesouro. Ao longo da vida, ela e o pai descobriram muitas riquezas fabulosas, mas h\u00e1 um tesouro que nunca conseguiram encontrar: a Maldi\u00e7\u00e3o de Angelique &#8211; um amuleto com pedras preciosas, obscurecido pela lenda e manchado de sangue. Para encontrarem este artefacto precioso, os Beaumonts aceitam, hesitantemente, uma parceria com os mergulhadores Buck e Matthew Lassiter. Tate n\u00e3o fica feliz por partilhar o seu sonho, mas n\u00e3o tem alternativa.<br \/>\nE, \u00e0 medida que os Beaumonts e os Lassiters disponibilizam recursos para localizar a Maldi\u00e7\u00e3o de Angelique, as \u00e1guas das Cara\u00edbas adensam-se com desilus\u00f5es sombrias e amea\u00e7as escondidas. A parceria entre as fam\u00edlias \u00e9 posta em causa quando Matthew se recusa a partilhar informa\u00e7\u00e3o &#8211; incluindo a verdade sobre a morte misteriosa do seu pai, alguns anos antes. E conforme Tate e Matthew avan\u00e7am com a sua desconfort\u00e1vel alian\u00e7a\u2026\u00a0O perigo e o desejo amea\u00e7am emergir.<\/p>\n","protected":false},"featured_media":7759,"template":"","meta":{"_monsterinsights_skip_tracking":false,"_monsterinsights_sitenote_active":false,"_monsterinsights_sitenote_note":"","_monsterinsights_sitenote_category":0},"product_cat":[105],"product_tag":[],"class_list":{"0":"post-7757","1":"product","2":"type-product","3":"status-publish","4":"has-post-thumbnail","6":"product_cat-romance","7":"pa_book-author-nora-roberts","9":"first","10":"instock","11":"shipping-taxable","12":"purchasable","13":"product-type-simple"},"_links":{"self":[{"href":"https:\/\/mabuko.co.mz\/site\/index.php?rest_route=\/wp\/v2\/product\/7757","targetHints":{"allow":["GET"]}}],"collection":[{"href":"https:\/\/mabuko.co.mz\/site\/index.php?rest_route=\/wp\/v2\/product"}],"about":[{"href":"https:\/\/mabuko.co.mz\/site\/index.php?rest_route=\/wp\/v2\/types\/product"}],"wp:featuredmedia":[{"embeddable":true,"href":"https:\/\/mabuko.co.mz\/site\/index.php?rest_route=\/wp\/v2\/media\/7759"}],"wp:attachment":[{"href":"https:\/\/mabuko.co.mz\/site\/index.php?rest_route=%2Fwp%2Fv2%2Fmedia&parent=7757"}],"wp:term":[{"taxonomy":"product_cat","embeddable":true,"href":"https:\/\/mabuko.co.mz\/site\/index.php?rest_route=%2Fwp%2Fv2%2Fproduct_cat&post=7757"},{"taxonomy":"product_tag","embeddable":true,"href":"https:\/\/mabuko.co.mz\/site\/index.php?rest_route=%2Fwp%2Fv2%2Fproduct_tag&post=7757"}],"curies":[{"name":"wp","href":"https:\/\/api.w.org\/{rel}","templated":true}]}}