{"id":7754,"date":"2022-11-17T12:33:12","date_gmt":"2022-11-17T12:33:12","guid":{"rendered":"https:\/\/mabuko.co.mz\/?post_type=product&#038;p=7754"},"modified":"2023-01-12T12:32:28","modified_gmt":"2023-01-12T12:32:28","slug":"os-donovan","status":"publish","type":"product","link":"https:\/\/mabuko.co.mz\/site\/?product=os-donovan","title":{"rendered":"OS DONOVAN"},"content":{"rendered":"<p>Nora Roberts<\/p>\n<p>9788491392989<\/p>\n","protected":false},"excerpt":{"rendered":"<p><strong>SINOPSE<\/strong><\/p>\n<p>O mundo editorial teria de se esfor\u00e7ar muito para encontrar uma autora com um estilo mais diversificado e uma imagina\u00e7\u00e3o mais f\u00e9rtil do que Roberts.<\/p>\n<p>Os Donovan s\u00e3o tr\u00eas hist\u00f3rias cheias de emo\u00e7\u00e3o, romance e aventura como s\u00f3 Nora Roberts \u00e9 capaz de nos contar.<\/p>\n<p>Feiti\u00e7o<\/p>\n<p>Nash Kirland era um escritor que gostava de fazer uma profunda investiga\u00e7\u00e3o pessoal sobre os temas que escrevia. Desta vez, o tema eram as bruxas. Tinham-lhe dito que Morgana Donovan era uma delas.<\/p>\n<p>Morgana aceitou ajud\u00e1-lo na investiga\u00e7\u00e3o para o livro que ele ia escrever, mas, a pouco e pouco, Nash foi ficando enfeiti\u00e7ado&#8230;<\/p>\n<p><strong>Fascina\u00e7\u00e3o<\/strong><\/p>\n<p>Desesperada por encontrar um beb\u00e9 sequestrado, a detective Mary Ellen Sutherland teve de se resignar a aceitar a ajuda duvidosa de Sebastian Donovan.<\/p>\n<p>O que Mary n\u00e3o esperava era descobrir que os poderes divinat\u00f3rios de Sebastian eram t\u00e3o fortes como o seu incr\u00edvel talento para a sedu\u00e7\u00e3o.<\/p>\n<p><strong>Encantamento<\/strong><\/p>\n<p>A enigm\u00e1tica Anastasia Donovan faria qualquer coisa para salvar a vida da filha de Boone Sawer\u2026 nem que para isso tivesse de arriscar a sua pr\u00f3pria vida e revelar o seu grande segredo ao homem que lhe roubara o cora\u00e7\u00e3o.<\/p>\n","protected":false},"featured_media":7756,"template":"","meta":{"_monsterinsights_skip_tracking":false,"_monsterinsights_sitenote_active":false,"_monsterinsights_sitenote_note":"","_monsterinsights_sitenote_category":0},"product_cat":[105],"product_tag":[],"class_list":{"0":"post-7754","1":"product","2":"type-product","3":"status-publish","4":"has-post-thumbnail","6":"product_cat-romance","7":"pa_book-author-nora-roberts","9":"first","10":"outofstock","11":"shipping-taxable","12":"purchasable","13":"product-type-simple"},"_links":{"self":[{"href":"https:\/\/mabuko.co.mz\/site\/index.php?rest_route=\/wp\/v2\/product\/7754","targetHints":{"allow":["GET"]}}],"collection":[{"href":"https:\/\/mabuko.co.mz\/site\/index.php?rest_route=\/wp\/v2\/product"}],"about":[{"href":"https:\/\/mabuko.co.mz\/site\/index.php?rest_route=\/wp\/v2\/types\/product"}],"wp:featuredmedia":[{"embeddable":true,"href":"https:\/\/mabuko.co.mz\/site\/index.php?rest_route=\/wp\/v2\/media\/7756"}],"wp:attachment":[{"href":"https:\/\/mabuko.co.mz\/site\/index.php?rest_route=%2Fwp%2Fv2%2Fmedia&parent=7754"}],"wp:term":[{"taxonomy":"product_cat","embeddable":true,"href":"https:\/\/mabuko.co.mz\/site\/index.php?rest_route=%2Fwp%2Fv2%2Fproduct_cat&post=7754"},{"taxonomy":"product_tag","embeddable":true,"href":"https:\/\/mabuko.co.mz\/site\/index.php?rest_route=%2Fwp%2Fv2%2Fproduct_tag&post=7754"}],"curies":[{"name":"wp","href":"https:\/\/api.w.org\/{rel}","templated":true}]}}