{"id":7751,"date":"2022-11-17T12:23:58","date_gmt":"2022-11-17T12:23:58","guid":{"rendered":"https:\/\/mabuko.co.mz\/?post_type=product&#038;p=7751"},"modified":"2024-08-22T10:12:20","modified_gmt":"2024-08-22T10:12:20","slug":"ilusoes-perfeitas","status":"publish","type":"product","link":"https:\/\/mabuko.co.mz\/site\/?product=ilusoes-perfeitas","title":{"rendered":"ILUS\u00d5ES PERFEITAS"},"content":{"rendered":"<p>Nora Roberts<\/p>\n<p>9789897105401<\/p>\n","protected":false},"excerpt":{"rendered":"<p><strong>SINOPSE<\/strong><\/p>\n<p>As vidas perfeitas podem ser uma ilus\u00e3o&#8230;<\/p>\n<p>A fam\u00edlia Bigelow parece ter uma vida de sonho. Contudo, as apar\u00eancias enganam e, por detr\u00e1s de portas fechadas, Zane e Britt vivem aterrorizados. O pai mant\u00e9m um controlo f\u00e9rreo sobre a fam\u00edlia, e as crian\u00e7as aprenderam a esconder o medo do resto do mundo. At\u00e9 ao dia em que Zane comete o erro de discutir com o pai. As consequ\u00eancias separam a fam\u00edlia e deixam uma marca indel\u00e9vel.<\/p>\n<p>Anos mais tarde, Zane regressa \u00e0 cidade onde cresceu determinado a ultrapassar o medo do passado. E basta um olhar para ele perceber que, sob uma apar\u00eancia alegre e descontra\u00edda, Darby McCrae esconde um trauma profundo e doloroso.<\/p>\n<p>Quando as trevas do passado os alcan\u00e7am, Zane e Darby ter\u00e3o de enfrentar juntos os seus dem\u00f3nios. Conseguir\u00e3o encontrar for\u00e7as para superar os medos e defender aqueles que amam?<\/p>\n","protected":false},"featured_media":7753,"template":"","meta":{"_monsterinsights_skip_tracking":false,"_monsterinsights_sitenote_active":false,"_monsterinsights_sitenote_note":"","_monsterinsights_sitenote_category":0},"product_cat":[105],"product_tag":[],"class_list":{"0":"post-7751","1":"product","2":"type-product","3":"status-publish","4":"has-post-thumbnail","6":"product_cat-romance","7":"pa_book-author-nora-roberts","9":"first","10":"instock","11":"shipping-taxable","12":"purchasable","13":"product-type-simple"},"_links":{"self":[{"href":"https:\/\/mabuko.co.mz\/site\/index.php?rest_route=\/wp\/v2\/product\/7751","targetHints":{"allow":["GET"]}}],"collection":[{"href":"https:\/\/mabuko.co.mz\/site\/index.php?rest_route=\/wp\/v2\/product"}],"about":[{"href":"https:\/\/mabuko.co.mz\/site\/index.php?rest_route=\/wp\/v2\/types\/product"}],"wp:featuredmedia":[{"embeddable":true,"href":"https:\/\/mabuko.co.mz\/site\/index.php?rest_route=\/wp\/v2\/media\/7753"}],"wp:attachment":[{"href":"https:\/\/mabuko.co.mz\/site\/index.php?rest_route=%2Fwp%2Fv2%2Fmedia&parent=7751"}],"wp:term":[{"taxonomy":"product_cat","embeddable":true,"href":"https:\/\/mabuko.co.mz\/site\/index.php?rest_route=%2Fwp%2Fv2%2Fproduct_cat&post=7751"},{"taxonomy":"product_tag","embeddable":true,"href":"https:\/\/mabuko.co.mz\/site\/index.php?rest_route=%2Fwp%2Fv2%2Fproduct_tag&post=7751"}],"curies":[{"name":"wp","href":"https:\/\/api.w.org\/{rel}","templated":true}]}}