{"id":7749,"date":"2022-11-17T12:11:57","date_gmt":"2022-11-17T12:11:57","guid":{"rendered":"https:\/\/mabuko.co.mz\/?post_type=product&#038;p=7749"},"modified":"2024-08-22T10:12:51","modified_gmt":"2024-08-22T10:12:51","slug":"salvacao-mortal","status":"publish","type":"product","link":"https:\/\/mabuko.co.mz\/site\/?product=salvacao-mortal","title":{"rendered":"SALVA\u00c7\u00c3O MORTAL"},"content":{"rendered":"<p>J.D. Robb<\/p>\n<p>9789897105418<\/p>\n","protected":false},"excerpt":{"rendered":"<p><strong>SINOPSE<\/strong><\/p>\n<p>O passado pode ocultar segredos mortais\u2026<\/p>\n<p>Segundos depois de levar o c\u00e1lice aos l\u00e1bios durante a celebra\u00e7\u00e3o de um funeral, o padre Miguel Flores morre no altar assassinado pelo sangue de Cristo. A tenente Eve Dallas confirma que o vinho consagrado continha cianeto suficiente para matar um rinoceronte. Quem mataria um padre de forma t\u00e3o s\u00fabita e horr\u00edvel? E quem poderia ter acesso privilegiado ao vinho da comunh\u00e3o?<\/p>\n<p>A aut\u00f3psia revela detalhes surpreendentes que sugerem que o \u00abpadre Flores\u00bb n\u00e3o era quem parecia. Enquanto re\u00fane as pistas que sugerem roubo de identidade, liga\u00e7\u00f5es a gangs e um ato profundamente pessoal de vingan\u00e7a, Eve espera apanhar quem cometeu este ato profano. Contudo, a descoberta de um segredo obscuro poder\u00e1 trazer de volta os dem\u00f3nios de Eve e deitar por terra toda a investiga\u00e7\u00e3o\u2026<\/p>\n","protected":false},"featured_media":7750,"template":"","meta":{"_monsterinsights_skip_tracking":false,"_monsterinsights_sitenote_active":false,"_monsterinsights_sitenote_note":"","_monsterinsights_sitenote_category":0},"product_cat":[105],"product_tag":[],"class_list":{"0":"post-7749","1":"product","2":"type-product","3":"status-publish","4":"has-post-thumbnail","6":"product_cat-romance","7":"pa_book-author-j-d-robb","9":"first","10":"instock","11":"shipping-taxable","12":"purchasable","13":"product-type-simple"},"_links":{"self":[{"href":"https:\/\/mabuko.co.mz\/site\/index.php?rest_route=\/wp\/v2\/product\/7749","targetHints":{"allow":["GET"]}}],"collection":[{"href":"https:\/\/mabuko.co.mz\/site\/index.php?rest_route=\/wp\/v2\/product"}],"about":[{"href":"https:\/\/mabuko.co.mz\/site\/index.php?rest_route=\/wp\/v2\/types\/product"}],"wp:featuredmedia":[{"embeddable":true,"href":"https:\/\/mabuko.co.mz\/site\/index.php?rest_route=\/wp\/v2\/media\/7750"}],"wp:attachment":[{"href":"https:\/\/mabuko.co.mz\/site\/index.php?rest_route=%2Fwp%2Fv2%2Fmedia&parent=7749"}],"wp:term":[{"taxonomy":"product_cat","embeddable":true,"href":"https:\/\/mabuko.co.mz\/site\/index.php?rest_route=%2Fwp%2Fv2%2Fproduct_cat&post=7749"},{"taxonomy":"product_tag","embeddable":true,"href":"https:\/\/mabuko.co.mz\/site\/index.php?rest_route=%2Fwp%2Fv2%2Fproduct_tag&post=7749"}],"curies":[{"name":"wp","href":"https:\/\/api.w.org\/{rel}","templated":true}]}}