{"id":7747,"date":"2022-11-17T12:05:17","date_gmt":"2022-11-17T12:05:17","guid":{"rendered":"https:\/\/mabuko.co.mz\/?post_type=product&#038;p=7747"},"modified":"2024-08-22T10:13:22","modified_gmt":"2024-08-22T10:13:22","slug":"reencontro-com-o-passado","status":"publish","type":"product","link":"https:\/\/mabuko.co.mz\/site\/?product=reencontro-com-o-passado","title":{"rendered":"REENCONTRO COM O PASSADO"},"content":{"rendered":"<p>Nora Roberts<\/p>\n<p>9789897102110<\/p>\n","protected":false},"excerpt":{"rendered":"<p><strong>SINOPSE<\/strong><\/p>\n<p>Ningu\u00e9m pode fugir para sempre. Filha de uma m\u00e3e controladora e possessiva, Elizabeth deixa-se levar pelas loucuras de uma noite, bebendo e permitindo que um estranho sedutor, com sotaque russo, a leve at\u00e9 uma casa isolada. O que aconteceu a seguir mudou a sua vida para sempre. Doze anos mais tarde, a mulher conhecida como Abigail Lowery vive nos sub\u00farbios de uma pequena cidade. Programadora inform\u00e1tica, desenha sistemas de seguran\u00e7a e complementa a sua pr\u00f3pria seguran\u00e7a com um c\u00e3o feroz e algumas armas de fogo. \u00c9 reservada e nada revela da sua vida. Mas essa reserva apenas intriga Brooks Gleason, o chefe de pol\u00edcia. A lucidez e opini\u00f5es frias e sem romantismo da jovem deixam-no fascinado\u2026 e um pouco frustrado. Ele suspeita que Abigail esteja a esconder-se de algu\u00e9m, e as t\u00e1ticas de defesa dela ocultam uma hist\u00f3ria que urge ser revelada. Com uma hero\u00edna inesquec\u00edvel e um enredo de prender a respira\u00e7\u00e3o, Nora Roberts cimenta a sua posi\u00e7\u00e3o como uma das melhores autoras de thrillers rom\u00e2nticos.<\/p>\n","protected":false},"featured_media":7748,"template":"","meta":{"_monsterinsights_skip_tracking":false,"_monsterinsights_sitenote_active":false,"_monsterinsights_sitenote_note":"","_monsterinsights_sitenote_category":0},"product_cat":[105],"product_tag":[],"class_list":{"0":"post-7747","1":"product","2":"type-product","3":"status-publish","4":"has-post-thumbnail","6":"product_cat-romance","7":"pa_book-author-nora-roberts","9":"first","10":"instock","11":"shipping-taxable","12":"purchasable","13":"product-type-simple"},"_links":{"self":[{"href":"https:\/\/mabuko.co.mz\/site\/index.php?rest_route=\/wp\/v2\/product\/7747","targetHints":{"allow":["GET"]}}],"collection":[{"href":"https:\/\/mabuko.co.mz\/site\/index.php?rest_route=\/wp\/v2\/product"}],"about":[{"href":"https:\/\/mabuko.co.mz\/site\/index.php?rest_route=\/wp\/v2\/types\/product"}],"wp:featuredmedia":[{"embeddable":true,"href":"https:\/\/mabuko.co.mz\/site\/index.php?rest_route=\/wp\/v2\/media\/7748"}],"wp:attachment":[{"href":"https:\/\/mabuko.co.mz\/site\/index.php?rest_route=%2Fwp%2Fv2%2Fmedia&parent=7747"}],"wp:term":[{"taxonomy":"product_cat","embeddable":true,"href":"https:\/\/mabuko.co.mz\/site\/index.php?rest_route=%2Fwp%2Fv2%2Fproduct_cat&post=7747"},{"taxonomy":"product_tag","embeddable":true,"href":"https:\/\/mabuko.co.mz\/site\/index.php?rest_route=%2Fwp%2Fv2%2Fproduct_tag&post=7747"}],"curies":[{"name":"wp","href":"https:\/\/api.w.org\/{rel}","templated":true}]}}