{"id":7732,"date":"2022-11-17T08:43:23","date_gmt":"2022-11-17T08:43:23","guid":{"rendered":"https:\/\/mabuko.co.mz\/?post_type=product&#038;p=7732"},"modified":"2024-12-18T09:02:55","modified_gmt":"2024-12-18T09:02:55","slug":"ventos-do-apocalipse","status":"publish","type":"product","link":"https:\/\/mabuko.co.mz\/site\/?product=ventos-do-apocalipse","title":{"rendered":"VENTOS DO APOCALIPSE"},"content":{"rendered":"<p>Paulina Chiziane<\/p>\n<p>9789722128162<\/p>\n","protected":false},"excerpt":{"rendered":"<p><strong>SINOPSE<\/strong><\/p>\n<p>Guerra. Destrui\u00e7\u00e3o. Mis\u00e9ria. Sofrimento. Humilha\u00e7\u00e3o. \u00d3dio. Supersti\u00e7\u00e3o. Morte.<br \/>\nEste \u00e9 o cen\u00e1rio dantesco, boscheano, que encontramos nas p\u00e1ginas de Ventos do Apocalipse. As palavras fortes, cruas, incisivas, dilacerantes e delirantes da autora levam-nos a questionar-nos quanto de fic\u00e7\u00e3o existir\u00e1 no realismo das descri\u00e7\u00f5es deste palco apocal\u00edptico em que a guerra mais aberrante ser\u00e1 talvez a de dois povos, os mananga e os macu\u00e1cua, colocados entre dois fogos e n\u00e3o sabendo quem os defende e quem os ataca.<br \/>\nPaulina Chiziane \u00e9 uma contadora nata de est\u00f3rias. Consegue levar-nos ao \u00e2mago do mais baixo dos mais baixos degraus de degrada\u00e7\u00e3o do ser humano. Com ela percorremos as vinte e uma noites de pesadelo e tormentos que foi o \u00eaxodo dos sobreviventes de uma aldeia. Atrav\u00e9s dela aprendemos a respeitar Sixpence, tornado o her\u00f3i simb\u00f3lico, emblem\u00e1tico, e l\u00edder venerado desses fugitivos.<\/p>\n","protected":false},"featured_media":7733,"template":"","meta":{"_monsterinsights_skip_tracking":false,"_monsterinsights_sitenote_active":false,"_monsterinsights_sitenote_note":"","_monsterinsights_sitenote_category":0},"product_cat":[105],"product_tag":[],"class_list":{"0":"post-7732","1":"product","2":"type-product","3":"status-publish","4":"has-post-thumbnail","6":"product_cat-romance","7":"pa_book-author-paulina-chiziane","9":"first","10":"instock","11":"shipping-taxable","12":"purchasable","13":"product-type-simple"},"_links":{"self":[{"href":"https:\/\/mabuko.co.mz\/site\/index.php?rest_route=\/wp\/v2\/product\/7732","targetHints":{"allow":["GET"]}}],"collection":[{"href":"https:\/\/mabuko.co.mz\/site\/index.php?rest_route=\/wp\/v2\/product"}],"about":[{"href":"https:\/\/mabuko.co.mz\/site\/index.php?rest_route=\/wp\/v2\/types\/product"}],"wp:featuredmedia":[{"embeddable":true,"href":"https:\/\/mabuko.co.mz\/site\/index.php?rest_route=\/wp\/v2\/media\/7733"}],"wp:attachment":[{"href":"https:\/\/mabuko.co.mz\/site\/index.php?rest_route=%2Fwp%2Fv2%2Fmedia&parent=7732"}],"wp:term":[{"taxonomy":"product_cat","embeddable":true,"href":"https:\/\/mabuko.co.mz\/site\/index.php?rest_route=%2Fwp%2Fv2%2Fproduct_cat&post=7732"},{"taxonomy":"product_tag","embeddable":true,"href":"https:\/\/mabuko.co.mz\/site\/index.php?rest_route=%2Fwp%2Fv2%2Fproduct_tag&post=7732"}],"curies":[{"name":"wp","href":"https:\/\/api.w.org\/{rel}","templated":true}]}}