{"id":7727,"date":"2022-11-17T08:29:50","date_gmt":"2022-11-17T08:29:50","guid":{"rendered":"https:\/\/mabuko.co.mz\/?post_type=product&#038;p=7727"},"modified":"2023-01-12T11:40:51","modified_gmt":"2023-01-12T11:40:51","slug":"choriro","status":"publish","type":"product","link":"https:\/\/mabuko.co.mz\/site\/?product=choriro","title":{"rendered":"CHORIRO"},"content":{"rendered":"<p>Ungulani Ba Ka Khosa<\/p>\n<p>9789896761325<\/p>\n","protected":false},"excerpt":{"rendered":"<p><strong>SINOPSE<\/strong><\/p>\n<p>Choriro \u00e9 o mais recente romance de Ungulani Ba Ka Khosa, publicado originalmente em Mo\u00e7ambique em 2009. Hist\u00f3ria de um reino de um rei branco no vale do Zambeze no s\u00e9culo XIX. Ungulani, munido de um saber hist\u00f3rico e etnogr\u00e1fico not\u00e1vel, parte para um relato emotivo e orgulhoso, elegia de um tempo feliz e formador da identidade mo\u00e7ambicana moderna. Os seus personagens, o rei Nhabezi, ali\u00e1s Lu\u00eds Ant\u00f3nio Greg\u00f3dio, os seus conselheiros, os seus guerreiros, as suas mulheres s\u00e3o personagens complexos e sens\u00edveis que nos apaixonam, com o seu saber ancestral, no momento em que se entrechocam as fortes culturas nativas com o colonialismo mercantil que j\u00e1 desponta. L\u00e1 ao fundo, vemos passar Livingstone.<\/p>\n","protected":false},"featured_media":7728,"template":"","meta":{"_monsterinsights_skip_tracking":false,"_monsterinsights_sitenote_active":false,"_monsterinsights_sitenote_note":"","_monsterinsights_sitenote_category":0},"product_cat":[212],"product_tag":[],"class_list":{"0":"post-7727","1":"product","2":"type-product","3":"status-publish","4":"has-post-thumbnail","6":"product_cat-prosa-narrativa","7":"pa_book-author-ungulani-ba-ka-khosa","9":"first","10":"outofstock","11":"shipping-taxable","12":"purchasable","13":"product-type-simple"},"_links":{"self":[{"href":"https:\/\/mabuko.co.mz\/site\/index.php?rest_route=\/wp\/v2\/product\/7727","targetHints":{"allow":["GET"]}}],"collection":[{"href":"https:\/\/mabuko.co.mz\/site\/index.php?rest_route=\/wp\/v2\/product"}],"about":[{"href":"https:\/\/mabuko.co.mz\/site\/index.php?rest_route=\/wp\/v2\/types\/product"}],"wp:featuredmedia":[{"embeddable":true,"href":"https:\/\/mabuko.co.mz\/site\/index.php?rest_route=\/wp\/v2\/media\/7728"}],"wp:attachment":[{"href":"https:\/\/mabuko.co.mz\/site\/index.php?rest_route=%2Fwp%2Fv2%2Fmedia&parent=7727"}],"wp:term":[{"taxonomy":"product_cat","embeddable":true,"href":"https:\/\/mabuko.co.mz\/site\/index.php?rest_route=%2Fwp%2Fv2%2Fproduct_cat&post=7727"},{"taxonomy":"product_tag","embeddable":true,"href":"https:\/\/mabuko.co.mz\/site\/index.php?rest_route=%2Fwp%2Fv2%2Fproduct_tag&post=7727"}],"curies":[{"name":"wp","href":"https:\/\/api.w.org\/{rel}","templated":true}]}}