{"id":7726,"date":"2022-11-17T08:24:03","date_gmt":"2022-11-17T08:24:03","guid":{"rendered":"https:\/\/mabuko.co.mz\/?post_type=product&#038;p=7726"},"modified":"2024-08-20T13:20:08","modified_gmt":"2024-08-20T13:20:08","slug":"terapia-familiar","status":"publish","type":"product","link":"https:\/\/mabuko.co.mz\/site\/?product=terapia-familiar","title":{"rendered":"TERAPIA FAMILIAR"},"content":{"rendered":"<p>Gerson A. S. Pagarache<\/p>\n","protected":false},"excerpt":{"rendered":"<p><strong>SINOPSE<\/strong><\/p>\n<p>Gerson Pagrache apresenta-nos um enredo t\u00e3o veros\u00edmil quanto inquietante. S\u00e3o situa\u00e7\u00f5es ou vidas a que assistimos desfilar ao nosso redor. Tole, Imaculada, Ernesto e Moniquinha encarnam um n\u00facleo familiar desfuncional, com as qualidades e imperfei\u00e7\u00f5es pr\u00f3prias do ser humano, percorrendo um fascinante caminho de ascens\u00e3o, decl\u00ednio e arrependimento. Uma escrita concisa, que n\u00e3o permitir\u00e1 ao leitor a sensa\u00e7\u00e3o de sufici\u00eancia<\/p>\n","protected":false},"featured_media":7742,"template":"","meta":{"_monsterinsights_skip_tracking":false,"_monsterinsights_sitenote_active":false,"_monsterinsights_sitenote_note":"","_monsterinsights_sitenote_category":0},"product_cat":[319],"product_tag":[],"class_list":{"0":"post-7726","1":"product","2":"type-product","3":"status-publish","4":"has-post-thumbnail","6":"product_cat-literatura-mocambicana","7":"pa_book-author-gerson-a-s-pagarache","9":"first","10":"instock","11":"shipping-taxable","12":"purchasable","13":"product-type-simple"},"_links":{"self":[{"href":"https:\/\/mabuko.co.mz\/site\/index.php?rest_route=\/wp\/v2\/product\/7726","targetHints":{"allow":["GET"]}}],"collection":[{"href":"https:\/\/mabuko.co.mz\/site\/index.php?rest_route=\/wp\/v2\/product"}],"about":[{"href":"https:\/\/mabuko.co.mz\/site\/index.php?rest_route=\/wp\/v2\/types\/product"}],"wp:featuredmedia":[{"embeddable":true,"href":"https:\/\/mabuko.co.mz\/site\/index.php?rest_route=\/wp\/v2\/media\/7742"}],"wp:attachment":[{"href":"https:\/\/mabuko.co.mz\/site\/index.php?rest_route=%2Fwp%2Fv2%2Fmedia&parent=7726"}],"wp:term":[{"taxonomy":"product_cat","embeddable":true,"href":"https:\/\/mabuko.co.mz\/site\/index.php?rest_route=%2Fwp%2Fv2%2Fproduct_cat&post=7726"},{"taxonomy":"product_tag","embeddable":true,"href":"https:\/\/mabuko.co.mz\/site\/index.php?rest_route=%2Fwp%2Fv2%2Fproduct_tag&post=7726"}],"curies":[{"name":"wp","href":"https:\/\/api.w.org\/{rel}","templated":true}]}}