{"id":7723,"date":"2022-11-17T08:01:09","date_gmt":"2022-11-17T08:01:09","guid":{"rendered":"https:\/\/mabuko.co.mz\/?post_type=product&#038;p=7723"},"modified":"2023-01-12T11:44:54","modified_gmt":"2023-01-12T11:44:54","slug":"egregia-patria","status":"publish","type":"product","link":"https:\/\/mabuko.co.mz\/site\/?product=egregia-patria","title":{"rendered":"EGR\u00c9GIA P\u00c1TRIA"},"content":{"rendered":"<p>Gabriel de Sousa Justino<\/p>\n<p>9789895314416<\/p>\n","protected":false},"excerpt":{"rendered":"<p><strong>SINOPSE<\/strong><\/p>\n<p>Nesta obra recomendada a todos, Gabriel de Sousa Justino, pode n\u00e3o ser o arqu\u00e9tipo da nossa literatura, mas certamente, aquele que se despindo de preconceitos, procura interpretar de forma criativa este Mo\u00e7ambique, a partir dalgumas das suas grandezas-hist\u00f3ria, cultura e turismo.<\/p>\n<p>Num \u00eaxtase liter\u00e1rio excentricamente l\u00fadico e digno de registo, Justino estabelece pontes entre os factos e \u00e9pocas, aduzindo a apreens\u00e3o da grandeza de Mo\u00e7ambique. Desterra mitos, obras humanas e da natureza, conferindo-lhes vida e bradando-lhes um lugar mais consent\u00e2neo, enquanto ve\u00edculos de identidades, da hist\u00f3ria, das ci\u00eancias, e factores do desenvolvimento social e econ\u00f3mico.<\/p>\n<p>Rebusca alegorias que prenunciam males de origens dispares, que iriam se abater sobre a terra. Exalta um personagem que assinala o centen\u00e1rio da aboli\u00e7\u00e3o da escravatura, refazendo a tortuosa viagem e h\u00e1 s\u00e9culos por presen\u00e7a dos seus ancestrais que ter-se-iam apartado para aquelas terras, vendidos como escravos. Demora-se no registo das lutas de repulsa a invas\u00e3o imperialista, discorre o nacionalismo at\u00e9 a edifica\u00e7\u00e3o da egr\u00e9gia p\u00e1tria.<\/p>\n<p>Detendo-se sobre as maravilhas da natureza e do engenho humano, cataloga tradi\u00e7\u00f5es culturais deste Mo\u00e7ambique e, numa breve,\u00a0 mas expressiva amostra, espica\u00e7a factos n\u00e3o cobertos pela literatura de proa, convocando a reflex\u00e3o e o reencontro com os tempos.<\/p>\n<p>Interp\u00f5e o texto com ricas narrativas, descri\u00e7\u00f5es, contos e f\u00e1bulas, formando uma unicidade harmoniosa. \u00c9 este o livro, escrito num linguajar apelativo \u00e0 leitura, que esporeia a consci\u00eancia sobre as singularidades que significam e dimensionam Mo\u00e7ambique.<\/p>\n","protected":false},"featured_media":7743,"template":"","meta":{"_monsterinsights_skip_tracking":false,"_monsterinsights_sitenote_active":false,"_monsterinsights_sitenote_note":"","_monsterinsights_sitenote_category":0},"product_cat":[212],"product_tag":[],"class_list":{"0":"post-7723","1":"product","2":"type-product","3":"status-publish","4":"has-post-thumbnail","6":"product_cat-prosa-narrativa","7":"pa_book-author-gabriel-de-sousa-justino","9":"first","10":"outofstock","11":"shipping-taxable","12":"purchasable","13":"product-type-simple"},"_links":{"self":[{"href":"https:\/\/mabuko.co.mz\/site\/index.php?rest_route=\/wp\/v2\/product\/7723","targetHints":{"allow":["GET"]}}],"collection":[{"href":"https:\/\/mabuko.co.mz\/site\/index.php?rest_route=\/wp\/v2\/product"}],"about":[{"href":"https:\/\/mabuko.co.mz\/site\/index.php?rest_route=\/wp\/v2\/types\/product"}],"wp:featuredmedia":[{"embeddable":true,"href":"https:\/\/mabuko.co.mz\/site\/index.php?rest_route=\/wp\/v2\/media\/7743"}],"wp:attachment":[{"href":"https:\/\/mabuko.co.mz\/site\/index.php?rest_route=%2Fwp%2Fv2%2Fmedia&parent=7723"}],"wp:term":[{"taxonomy":"product_cat","embeddable":true,"href":"https:\/\/mabuko.co.mz\/site\/index.php?rest_route=%2Fwp%2Fv2%2Fproduct_cat&post=7723"},{"taxonomy":"product_tag","embeddable":true,"href":"https:\/\/mabuko.co.mz\/site\/index.php?rest_route=%2Fwp%2Fv2%2Fproduct_tag&post=7723"}],"curies":[{"name":"wp","href":"https:\/\/api.w.org\/{rel}","templated":true}]}}