{"id":7722,"date":"2022-11-17T07:27:35","date_gmt":"2022-11-17T07:27:35","guid":{"rendered":"https:\/\/mabuko.co.mz\/?post_type=product&#038;p=7722"},"modified":"2023-01-12T11:52:30","modified_gmt":"2023-01-12T11:52:30","slug":"o-avesso-das-palavras","status":"publish","type":"product","link":"https:\/\/mabuko.co.mz\/site\/?product=o-avesso-das-palavras","title":{"rendered":"O AVESSO DAS PALAVRAS"},"content":{"rendered":"<p>Lica Sebasti\u00e3o<\/p>\n","protected":false},"excerpt":{"rendered":"<p><strong>SINOPSE<\/strong><\/p>\n<p>um livro agrad\u00e1vel! O avesso das palavras, um livro de poesia, entre o oculto e o descoberto; a po\u00e9tica do amor \u00e0s pequenas coisas, abstractas ou concretas. A autora trata-as com lisura tal que as transforma em d\u00e1diva para o leitor. Tamb\u00e9m \u00e9 uma poesia tanto de sonoridade e colora\u00e7\u00f5es, quanto de ironias e convic\u00e7\u00f5es. Versos em que, de facto, \u201cas palavras t\u00eam a for\u00e7a de um rio veloz\u201d.<\/p>\n","protected":false},"featured_media":7746,"template":"","meta":{"_monsterinsights_skip_tracking":false,"_monsterinsights_sitenote_active":false,"_monsterinsights_sitenote_note":"","_monsterinsights_sitenote_category":0},"product_cat":[170],"product_tag":[],"class_list":{"0":"post-7722","1":"product","2":"type-product","3":"status-publish","4":"has-post-thumbnail","6":"product_cat-poesia","8":"first","9":"outofstock","10":"shipping-taxable","11":"purchasable","12":"product-type-simple"},"_links":{"self":[{"href":"https:\/\/mabuko.co.mz\/site\/index.php?rest_route=\/wp\/v2\/product\/7722","targetHints":{"allow":["GET"]}}],"collection":[{"href":"https:\/\/mabuko.co.mz\/site\/index.php?rest_route=\/wp\/v2\/product"}],"about":[{"href":"https:\/\/mabuko.co.mz\/site\/index.php?rest_route=\/wp\/v2\/types\/product"}],"wp:featuredmedia":[{"embeddable":true,"href":"https:\/\/mabuko.co.mz\/site\/index.php?rest_route=\/wp\/v2\/media\/7746"}],"wp:attachment":[{"href":"https:\/\/mabuko.co.mz\/site\/index.php?rest_route=%2Fwp%2Fv2%2Fmedia&parent=7722"}],"wp:term":[{"taxonomy":"product_cat","embeddable":true,"href":"https:\/\/mabuko.co.mz\/site\/index.php?rest_route=%2Fwp%2Fv2%2Fproduct_cat&post=7722"},{"taxonomy":"product_tag","embeddable":true,"href":"https:\/\/mabuko.co.mz\/site\/index.php?rest_route=%2Fwp%2Fv2%2Fproduct_tag&post=7722"}],"curies":[{"name":"wp","href":"https:\/\/api.w.org\/{rel}","templated":true}]}}