{"id":7721,"date":"2022-11-17T07:17:56","date_gmt":"2022-11-17T07:17:56","guid":{"rendered":"https:\/\/mabuko.co.mz\/?post_type=product&#038;p=7721"},"modified":"2024-08-20T13:25:53","modified_gmt":"2024-08-20T13:25:53","slug":"oh-maputo-2022","status":"publish","type":"product","link":"https:\/\/mabuko.co.mz\/site\/?product=oh-maputo-2022","title":{"rendered":"OH MAPUTO 2022"},"content":{"rendered":"<p>Open House Maputo<\/p>\n<p>OH worldwide<\/p>\n<p>Guia da Cidade<\/p>\n","protected":false},"excerpt":{"rendered":"<p><strong>SINOPSE<\/strong><\/p>\n<p>O OH Maputo 2022, faz parte da Rede internacional OH Worldwide, que cumpre os mais elevados padr\u00f5es\u00a0 de exig\u00eancia e standards organizativos, com vista a trazer-lhe uma experi\u00eancia \u00fanica.<\/p>\n<p>Este desafio coloca Maputo ao n\u00edvel do melhor que se faz no mundo.<\/p>\n","protected":false},"featured_media":7744,"template":"","meta":{"_monsterinsights_skip_tracking":false,"_monsterinsights_sitenote_active":false,"_monsterinsights_sitenote_note":"","_monsterinsights_sitenote_category":0},"product_cat":[237],"product_tag":[],"class_list":{"0":"post-7721","1":"product","2":"type-product","3":"status-publish","4":"has-post-thumbnail","6":"product_cat-arte","8":"first","9":"instock","10":"shipping-taxable","11":"purchasable","12":"product-type-simple"},"_links":{"self":[{"href":"https:\/\/mabuko.co.mz\/site\/index.php?rest_route=\/wp\/v2\/product\/7721","targetHints":{"allow":["GET"]}}],"collection":[{"href":"https:\/\/mabuko.co.mz\/site\/index.php?rest_route=\/wp\/v2\/product"}],"about":[{"href":"https:\/\/mabuko.co.mz\/site\/index.php?rest_route=\/wp\/v2\/types\/product"}],"wp:featuredmedia":[{"embeddable":true,"href":"https:\/\/mabuko.co.mz\/site\/index.php?rest_route=\/wp\/v2\/media\/7744"}],"wp:attachment":[{"href":"https:\/\/mabuko.co.mz\/site\/index.php?rest_route=%2Fwp%2Fv2%2Fmedia&parent=7721"}],"wp:term":[{"taxonomy":"product_cat","embeddable":true,"href":"https:\/\/mabuko.co.mz\/site\/index.php?rest_route=%2Fwp%2Fv2%2Fproduct_cat&post=7721"},{"taxonomy":"product_tag","embeddable":true,"href":"https:\/\/mabuko.co.mz\/site\/index.php?rest_route=%2Fwp%2Fv2%2Fproduct_tag&post=7721"}],"curies":[{"name":"wp","href":"https:\/\/api.w.org\/{rel}","templated":true}]}}