{"id":7700,"date":"2022-11-16T13:51:56","date_gmt":"2022-11-16T13:51:56","guid":{"rendered":"https:\/\/mabuko.co.mz\/?post_type=product&#038;p=7700"},"modified":"2023-01-12T11:56:29","modified_gmt":"2023-01-12T11:56:29","slug":"sos-memoria","status":"publish","type":"product","link":"https:\/\/mabuko.co.mz\/site\/?product=sos-memoria","title":{"rendered":"SOS MEM\u00d3RIA"},"content":{"rendered":"<p>Dr. Daniel G. Amen<\/p>\n<p>9789896875718<\/p>\n","protected":false},"excerpt":{"rendered":"<p><strong>SINOPSE<\/strong><\/p>\n<p>A investiga\u00e7\u00e3o imagiol\u00f3gica cerebral tem revelado que a perda de mem\u00f3ria pode come\u00e7ar d\u00e9cadas antes do primeiro sintoma se manifestar. Aprenda o que pode fazer n\u00e3o s\u00f3 para prevenir a perda de mem\u00f3ria mais tarde na vida, mas tamb\u00e9m para recuperar as fun\u00e7\u00f5es de mem\u00f3ria que pode j\u00e1 ter perdido. O Dr. Amen, especialista em sa\u00fade cerebral, revela aqui uma estrat\u00e9gia diversificada &#8211; incluindo exerc\u00edcios f\u00edsicos e mentais, mudan\u00e7as alimentares e pr\u00e1ticas espirituais &#8211; para optimizar a mem\u00f3ria e prevenir o decl\u00ednio cognitivo.<\/p>\n","protected":false},"featured_media":7701,"template":"","meta":{"_monsterinsights_skip_tracking":false,"_monsterinsights_sitenote_active":false,"_monsterinsights_sitenote_note":"","_monsterinsights_sitenote_category":0},"product_cat":[234],"product_tag":[],"class_list":{"0":"post-7700","1":"product","2":"type-product","3":"status-publish","4":"has-post-thumbnail","6":"product_cat-saude-bem-estar","7":"pa_book-author-daniel-g-amen","9":"first","10":"outofstock","11":"shipping-taxable","12":"purchasable","13":"product-type-simple"},"_links":{"self":[{"href":"https:\/\/mabuko.co.mz\/site\/index.php?rest_route=\/wp\/v2\/product\/7700","targetHints":{"allow":["GET"]}}],"collection":[{"href":"https:\/\/mabuko.co.mz\/site\/index.php?rest_route=\/wp\/v2\/product"}],"about":[{"href":"https:\/\/mabuko.co.mz\/site\/index.php?rest_route=\/wp\/v2\/types\/product"}],"wp:featuredmedia":[{"embeddable":true,"href":"https:\/\/mabuko.co.mz\/site\/index.php?rest_route=\/wp\/v2\/media\/7701"}],"wp:attachment":[{"href":"https:\/\/mabuko.co.mz\/site\/index.php?rest_route=%2Fwp%2Fv2%2Fmedia&parent=7700"}],"wp:term":[{"taxonomy":"product_cat","embeddable":true,"href":"https:\/\/mabuko.co.mz\/site\/index.php?rest_route=%2Fwp%2Fv2%2Fproduct_cat&post=7700"},{"taxonomy":"product_tag","embeddable":true,"href":"https:\/\/mabuko.co.mz\/site\/index.php?rest_route=%2Fwp%2Fv2%2Fproduct_tag&post=7700"}],"curies":[{"name":"wp","href":"https:\/\/api.w.org\/{rel}","templated":true}]}}