{"id":7698,"date":"2022-11-16T13:43:41","date_gmt":"2022-11-16T13:43:41","guid":{"rendered":"https:\/\/mabuko.co.mz\/?post_type=product&#038;p=7698"},"modified":"2024-08-20T13:20:56","modified_gmt":"2024-08-20T13:20:56","slug":"o-lider-sem-titulo","status":"publish","type":"product","link":"https:\/\/mabuko.co.mz\/site\/?product=o-lider-sem-titulo","title":{"rendered":"O L\u00cdDER SEM T\u00cdTULO"},"content":{"rendered":"<p>Robin Sharma<\/p>\n<p>9789892310640<\/p>\n","protected":false},"excerpt":{"rendered":"<p><strong>SINOPSE<\/strong><\/p>\n<p>Blake Davis parecia ter nascido para o sucesso. Era inteligente, tinha m\u00faltiplos talentos, e todos lhe previam um brilhante futuro. Quando esta hist\u00f3ria come\u00e7a, por\u00e9m, Blake \u00e9 um amargurado funcion\u00e1rio de uma cadeia de livrarias, que odeia o seu emprego. At\u00e9 ao dia em que conhece Tommy Flinn, um homem exc\u00eantrico, em tempos amigo dos seus pais, que h\u00e1 cinco anos consecutivos acumula o pr\u00e9mio de melhor funcion\u00e1rio da empresa onde Blake trabalha. Tommy, um l\u00edder nato, ensina-lhe a filosofia LST &#8211; Liderar Sem T\u00edtulo. E vai p\u00f4-lo no caminho de outras personagens igualmente fascinantes, como Ty, um surfista que adora enfrentar riscos, ou Jackson, ex-CEO agora jardineiro, que lhe mostra a import\u00e2ncia de criar e manter rela\u00e7\u00f5es de amizade. Robin Sharma conta a hist\u00f3ria de Blake a centenas de l\u00edderes de todo o mundo, em empresas como a Microsoft, General Electric, Nike, FedEx ou IBM, ou ainda em institui\u00e7\u00f5es como a Universidade de Yale. Nesta Impressionante par\u00e1bola sobre lideran\u00e7a, o autor de\u00a0<i>O Monge que Vendeu o Seu Ferrari<\/i>\u00a0ensina os leitores a trabalhar compet\u00eancias vitais para o sucesso. Se nunca teve a oportunidade de tirar um curso com Robin Sharma, nem de ouvir uma das suas palestras, O L\u00edder Sem T\u00edtulo oferece-lhe toda a sabedoria do mais popular especialista do mundo em lideran\u00e7a, servida ao ritmo de uma boa hist\u00f3ria.<\/p>\n","protected":false},"featured_media":7699,"template":"","meta":{"_monsterinsights_skip_tracking":false,"_monsterinsights_sitenote_active":false,"_monsterinsights_sitenote_note":"","_monsterinsights_sitenote_category":0},"product_cat":[102],"product_tag":[],"class_list":{"0":"post-7698","1":"product","2":"type-product","3":"status-publish","4":"has-post-thumbnail","6":"product_cat-livros-tecnicos","7":"pa_book-author-robin-sharma","9":"first","10":"instock","11":"shipping-taxable","12":"purchasable","13":"product-type-simple"},"_links":{"self":[{"href":"https:\/\/mabuko.co.mz\/site\/index.php?rest_route=\/wp\/v2\/product\/7698","targetHints":{"allow":["GET"]}}],"collection":[{"href":"https:\/\/mabuko.co.mz\/site\/index.php?rest_route=\/wp\/v2\/product"}],"about":[{"href":"https:\/\/mabuko.co.mz\/site\/index.php?rest_route=\/wp\/v2\/types\/product"}],"wp:featuredmedia":[{"embeddable":true,"href":"https:\/\/mabuko.co.mz\/site\/index.php?rest_route=\/wp\/v2\/media\/7699"}],"wp:attachment":[{"href":"https:\/\/mabuko.co.mz\/site\/index.php?rest_route=%2Fwp%2Fv2%2Fmedia&parent=7698"}],"wp:term":[{"taxonomy":"product_cat","embeddable":true,"href":"https:\/\/mabuko.co.mz\/site\/index.php?rest_route=%2Fwp%2Fv2%2Fproduct_cat&post=7698"},{"taxonomy":"product_tag","embeddable":true,"href":"https:\/\/mabuko.co.mz\/site\/index.php?rest_route=%2Fwp%2Fv2%2Fproduct_tag&post=7698"}],"curies":[{"name":"wp","href":"https:\/\/api.w.org\/{rel}","templated":true}]}}